{"id":27280,"date":"2024-07-10T16:59:15","date_gmt":"2024-07-10T15:59:15","guid":{"rendered":"https:\/\/zayoeutrans.burbledev.com\/umweltpolitik\/"},"modified":"2026-05-07T17:55:23","modified_gmt":"2026-05-07T16:55:23","slug":"umweltpolitik","status":"publish","type":"page","link":"https:\/\/zayoeutrans.burbledev.com\/de\/rechtliche-richtlinien\/umweltpolitik\/","title":{"rendered":"Umweltpolitik"},"content":{"rendered":"\n<h2 class=\"wp-block-heading\">Zielsetzung<\/h2>\n\n<p>Die Zayo Group UK Limited und gegebenenfalls ihre in der Europ\u00e4ischen Union (&#8220;EU&#8221;) oder im Europ\u00e4ischen Wirtschaftsraum (&#8220;EWR&#8221;) ans\u00e4ssigen Tochtergesellschaften (zusammenfassend &#8220;Zayo&#8221; oder &#8220;wir&#8221; oder &#8220;unser&#8221; oder &#8220;uns&#8221;) verpflichten sich, Nachhaltigkeit in alle Aspekte unserer Gesch\u00e4ftst\u00e4tigkeit einzubinden. Wir arbeiten daran, unseren Kunden und Aktion\u00e4ren ein H\u00f6chstma\u00df an Wertsch\u00f6pfung zu bieten. Dabei sind wir bestrebt, umweltbewusste Entscheidungen zu treffen, die mit unserer Mission, unserer Vision und unseren Werten \u00fcbereinstimmen. Unser Nachhaltigkeitsansatz konzentriert sich darauf, Mitarbeiter in allen Bereichen des Unternehmens einzubinden, um unsere Umwelteffizienz zu maximieren. Die Initiativen reichen von der Einf\u00fchrung energie- und kosteneffizienter Praktiken in unseren gro\u00dfen Rechenzentren bis hin zur Einbindung der Mitarbeiter in alternative Transportmittel und abfallfreie Recyclingprogramme. Unser Ziel ist es, alle unsere Stakeholder und Lieferanten in umweltvertr\u00e4gliche Praktiken einzubinden, die uns helfen, ein effizienteres Unternehmen und umweltvertr\u00e4glichere Gemeinschaften aufzubauen.    <\/p>\n\n<h2 class=\"wp-block-heading\"><strong>Politik<\/strong><\/h2>\n\n<p>COMPLIANCE: Einhaltung oder \u00dcbertreffen von Standards in bestehenden Umweltvorschriften.<\/p>\n\n<p>INNOVATION: Innovative Verbesserung der Umweltleistung durch Minimierung des Ressourcenverbrauchs.<\/p>\n\n<p>BEWERTUNG: Bewertung und Abmilderung der wesentlichen Umweltauswirkungen der Gesch\u00e4ftst\u00e4tigkeit.<\/p>\n\n<p>AUSR\u00dcSTUNG: Beschaffung von effizienter und umweltfreundlicher Ausr\u00fcstung, die den Anforderungen von Unternehmen und Kunden entspricht.<\/p>\n\n<p>MINIMIERUNG VON ABFALL: Minimierung unseres Deponieabfallstroms durch verantwortungsbewusste Entsorgung und Recycling von Elektronikschrott und durch Programme zur Verwaltung von B\u00fcroabf\u00e4llen.<\/p>\n\n<p>BESCHAFFUNG: Implementierung nachhaltiger Beschaffungspraktiken.<\/p>\n\n<p>PENDLEROPTIONEN: Unterst\u00fctzung von alternativen, kraftstoffarmen oder -freien Pendelm\u00f6glichkeiten.<\/p>\n\n<p>ZAYO-EIGENE GEB\u00c4UDE: Optimierung der Energieeffizienz in von Zayo betriebenen Geb\u00e4uden.<\/p>\n\n<p>PAPIERLOSE ABRECHNUNG: Papierlose Abrechnungs- und Angebotsoptionen \u00fcber Tranzact.<\/p>\n\n<p>BEWUSSTSEIN &amp; SCHULUNG: Einbindung von Stakeholdern (Mitarbeiter, Kunden, Lieferanten und Investoren) zur F\u00f6rderung umweltbewusster Praktiken durch Bewusstseinsbildung und Schulungen.<\/p>\n\n<p>Eine vollst\u00e4ndige Liste der Tochtergesellschaften der Zayo Group UK Limited im Vereinigten K\u00f6nigreich und in Europa finden Sie <a>hier<\/a><a href=\"#_msocom_2\">.<\/a> <\/p>\n\n<p>Die Auflistung der britischen und europ\u00e4ischen Tochtergesellschaften der Zayo Group UK Limited bedeutet weder ausdr\u00fccklich noch anderweitig, dass alle oder eine dieser Tochtergesellschaften die Verantwortung f\u00fcr die Handlungen oder Unterlassungen der jeweils anderen \u00fcbernehmen.<\/p>\n","protected":false},"excerpt":{"rendered":"<p>Zielsetzung Die Zayo Group UK Limited und gegebenenfalls ihre in der Europ\u00e4ischen Union (&#8220;EU&#8221;) oder im Europ\u00e4ischen Wirtschaftsraum (&#8220;EWR&#8221;) ans\u00e4ssigen Tochtergesellschaften (zusammenfassend &#8220;Zayo&#8221; oder &#8220;wir&#8221; oder &#8220;unser&#8221; oder &#8220;uns&#8221;) verpflichten sich, Nachhaltigkeit in alle Aspekte unserer Gesch\u00e4ftst\u00e4tigkeit einzubinden. Wir arbeiten daran, unseren Kunden und Aktion\u00e4ren ein H\u00f6chstma\u00df an Wertsch\u00f6pfung zu bieten. Dabei sind wir bestrebt, [&hellip;]<\/p>\n","protected":false},"author":1,"featured_media":0,"parent":27293,"menu_order":0,"comment_status":"closed","ping_status":"closed","template":"","meta":{"_acf_changed":false,"footnotes":""},"class_list":["post-27280","page","type-page","status-publish","hentry"],"acf":[],"_links":{"self":[{"href":"https:\/\/zayoeutrans.burbledev.com\/de\/wp-json\/wp\/v2\/pages\/27280","targetHints":{"allow":["GET"]}}],"collection":[{"href":"https:\/\/zayoeutrans.burbledev.com\/de\/wp-json\/wp\/v2\/pages"}],"about":[{"href":"https:\/\/zayoeutrans.burbledev.com\/de\/wp-json\/wp\/v2\/types\/page"}],"author":[{"embeddable":true,"href":"https:\/\/zayoeutrans.burbledev.com\/de\/wp-json\/wp\/v2\/users\/1"}],"replies":[{"embeddable":true,"href":"https:\/\/zayoeutrans.burbledev.com\/de\/wp-json\/wp\/v2\/comments?post=27280"}],"version-history":[{"count":1,"href":"https:\/\/zayoeutrans.burbledev.com\/de\/wp-json\/wp\/v2\/pages\/27280\/revisions"}],"predecessor-version":[{"id":27281,"href":"https:\/\/zayoeutrans.burbledev.com\/de\/wp-json\/wp\/v2\/pages\/27280\/revisions\/27281"}],"up":[{"embeddable":true,"href":"https:\/\/zayoeutrans.burbledev.com\/de\/wp-json\/wp\/v2\/pages\/27293"}],"wp:attachment":[{"href":"https:\/\/zayoeutrans.burbledev.com\/de\/wp-json\/wp\/v2\/media?parent=27280"}],"curies":[{"name":"wp","href":"https:\/\/api.w.org\/{rel}","templated":true}]}}