{"id":27285,"date":"2024-07-10T16:51:44","date_gmt":"2024-07-10T15:51:44","guid":{"rendered":"https:\/\/zayoeutrans.burbledev.com\/erklaerung-zur-modernen-sklaverei\/"},"modified":"2026-05-07T17:55:23","modified_gmt":"2026-05-07T16:55:23","slug":"erklaerung-zur-modernen-sklaverei","status":"publish","type":"page","link":"https:\/\/zayoeutrans.burbledev.com\/de\/rechtliche-richtlinien\/erklaerung-zur-modernen-sklaverei\/","title":{"rendered":"Erkl\u00e4rung zur modernen Sklaverei"},"content":{"rendered":"\n<p>Die Zayo Group ist ein weltweit t\u00e4tiges Unternehmen, dessen Aktivit\u00e4ten und Produkte die Planung von Kommunikationsinfrastrukturen, das Design, die Bereitstellung und den Betrieb von dedizierten optischen Kommunikations-, Wellenl\u00e4ngen- und Netzwerkl\u00f6sungen nach Kundenanforderungen umfassen.<\/p>\n\n<p>Die Zayo Gruppe setzt sich f\u00fcr die Verbesserung der Umwelt ein, die ihre Aktivit\u00e4ten, Produkte und Dienstleistungen umgibt, zum Nutzen der Mitarbeiter, Kunden und der Menschen in unserem Einflussbereich.<\/p>\n\n<p>Die Zayo Group ist nach ISO 9001:2015 (Qualit\u00e4t) und ISO 14001:2015 (Umwelt) sowie nach ISO 27001:2013 (Informationssicherheit) akkreditiert.<\/p>\n\n<p>Die Zayo Group hat sich verpflichtet, moderne Sklaverei und Menschenhandel in ihrem Unternehmen und in ihren Lieferketten, einschlie\u00dflich Subunternehmern und Partnern, zu verbieten und zu unterbinden.<\/p>\n\n<p>Das Unternehmen erkennt die Verantwortung f\u00fcr den Modern Slavery Act 2015 an und sorgt f\u00fcr Transparenz innerhalb des Unternehmens und bei den Lieferanten von Waren und Dienstleistungen f\u00fcr das Unternehmen.<\/p>\n\n<p>Im Rahmen der Sorgfaltspflicht des Unternehmens in Bezug auf Sklaverei und Menschenhandel wird unser Genehmigungsverfahren f\u00fcr Lieferanten eine \u00dcberpr\u00fcfung der von unseren Lieferanten durchgef\u00fchrten Kontrollen beinhalten. Importierte Waren aus Quellen au\u00dferhalb des Vereinigten K\u00f6nigreichs und der EU sind potenziell st\u00e4rker durch Sklaverei\/Menschenhandel gef\u00e4hrdet. Der Umfang der f\u00fcr diese Quellen erforderlichen Verwaltungskontrolle wird kontinuierlich \u00fcberwacht.<\/p>\n\n<p>Das Unternehmen wird keine Unternehmen unterst\u00fctzen, die wissentlich in Sklaverei oder Menschenhandel verwickelt sind.<\/p>\n\n<p>Die Direktoren und die Gesch\u00e4ftsleitung des Unternehmens \u00fcbernehmen die Verantwortung f\u00fcr die Umsetzung dieser Grundsatzerkl\u00e4rung und ihrer Ziele und stellen angemessene Ressourcen (Schulungen usw.) und Investitionen bereit, um sicherzustellen, dass Sklaverei und Menschenhandel innerhalb des Unternehmens und seiner Lieferketten nicht vorkommen.<\/p>\n\n<p>Ein vollst\u00e4ndiges Exemplar dieser Richtlinie und ein Exemplar des Modern Slavery Act 2015 sind f\u00fcr alle Mitarbeiter elektronisch zug\u00e4nglich und k\u00f6nnen auf Anfrage von der Rechtsabteilung angefordert werden.<\/p>\n\n<p>Diese Richtlinie ber\u00fccksichtigt und unterst\u00fctzt die Richtlinien, Verfahren und Anforderungen, die in unserem Integrierten Managementsystem dokumentiert sind und die den Anforderungen von<br\/>ISO 9001:2015, ISO 14001:2015 und ISO 27001:2013 entsprechen. Die Einf\u00fchrung und Anwendung dieses Managementsystems unterstreicht unser Engagement f\u00fcr diese Politik. Es wurden formelle Verfahren zur Bek\u00e4mpfung von Sklaverei und Menschenhandel eingef\u00fchrt, einschlie\u00dflich Disziplinarverfahren bei Verst\u00f6\u00dfen gegen diese Verfahren.<\/p>\n\n<p>Zus\u00e4tzliche Verfahren stellen sicher, dass diese Politik auf allen Ebenen des Unternehmens verstanden und kommuniziert wird und dass sie regelm\u00e4\u00dfig \u00fcberpr\u00fcft wird, um ihre fortw\u00e4hrende Eignung und Relevanz f\u00fcr die Aktivit\u00e4ten des Unternehmens sicherzustellen.<\/p>\n\n<p>Die oberste Verantwortung daf\u00fcr, dass Sklaverei und Menschenhandel innerhalb des Unternehmens und seiner Lieferkette nicht stattfinden, liegt beim Gesch\u00e4ftsf\u00fchrer, der daf\u00fcr sorgt, dass dem Thema die gleiche Priorit\u00e4t wie anderen wichtigen Unternehmenszielen einger\u00e4umt wird. Die Umsetzung dieser Politik liegt in der Verantwortung des Linienmanagements auf allen Ebenen und wird von allen Mitarbeitern mitgetragen.<\/p>\n\n<p>Diese Politik, die durch Anweisungen, Verfahren und organisatorische Vorkehrungen innerhalb der Zayo Gruppe und ihrer Tochtergesellschaften, einschlie\u00dflich Fibrespeed, unterst\u00fctzt wird, ist auf alle Aktivit\u00e4ten, Produkte und Dienstleistungen des Unternehmens anzuwenden. Alle Direktoren, Manager, Aufsichtspersonen, Mitarbeiter und Subunternehmer werden diese Richtlinie durchsetzen.<\/p>\n\n<p>Die Richtlinie wird bei Bedarf \u00fcberarbeitet und aktualisiert.<\/p>\n","protected":false},"excerpt":{"rendered":"<p>Die Zayo Group ist ein weltweit t\u00e4tiges Unternehmen, dessen Aktivit\u00e4ten und Produkte die Planung von Kommunikationsinfrastrukturen, das Design, die Bereitstellung und den Betrieb von dedizierten optischen Kommunikations-, Wellenl\u00e4ngen- und Netzwerkl\u00f6sungen nach Kundenanforderungen umfassen. Die Zayo Gruppe setzt sich f\u00fcr die Verbesserung der Umwelt ein, die ihre Aktivit\u00e4ten, Produkte und Dienstleistungen umgibt, zum Nutzen der Mitarbeiter, [&hellip;]<\/p>\n","protected":false},"author":1,"featured_media":0,"parent":27293,"menu_order":0,"comment_status":"closed","ping_status":"closed","template":"","meta":{"_acf_changed":false,"footnotes":""},"class_list":["post-27285","page","type-page","status-publish","hentry"],"acf":[],"_links":{"self":[{"href":"https:\/\/zayoeutrans.burbledev.com\/de\/wp-json\/wp\/v2\/pages\/27285","targetHints":{"allow":["GET"]}}],"collection":[{"href":"https:\/\/zayoeutrans.burbledev.com\/de\/wp-json\/wp\/v2\/pages"}],"about":[{"href":"https:\/\/zayoeutrans.burbledev.com\/de\/wp-json\/wp\/v2\/types\/page"}],"author":[{"embeddable":true,"href":"https:\/\/zayoeutrans.burbledev.com\/de\/wp-json\/wp\/v2\/users\/1"}],"replies":[{"embeddable":true,"href":"https:\/\/zayoeutrans.burbledev.com\/de\/wp-json\/wp\/v2\/comments?post=27285"}],"version-history":[{"count":1,"href":"https:\/\/zayoeutrans.burbledev.com\/de\/wp-json\/wp\/v2\/pages\/27285\/revisions"}],"predecessor-version":[{"id":27287,"href":"https:\/\/zayoeutrans.burbledev.com\/de\/wp-json\/wp\/v2\/pages\/27285\/revisions\/27287"}],"up":[{"embeddable":true,"href":"https:\/\/zayoeutrans.burbledev.com\/de\/wp-json\/wp\/v2\/pages\/27293"}],"wp:attachment":[{"href":"https:\/\/zayoeutrans.burbledev.com\/de\/wp-json\/wp\/v2\/media?parent=27285"}],"curies":[{"name":"wp","href":"https:\/\/api.w.org\/{rel}","templated":true}]}}