{"id":27286,"date":"2024-07-10T16:57:55","date_gmt":"2024-07-10T15:57:55","guid":{"rendered":"https:\/\/zayoeutrans.burbledev.com\/esg-erklaerung\/"},"modified":"2026-05-07T17:55:23","modified_gmt":"2026-05-07T16:55:23","slug":"esg-erklaerung","status":"publish","type":"page","link":"https:\/\/zayoeutrans.burbledev.com\/de\/rechtliche-richtlinien\/esg-erklaerung\/","title":{"rendered":"ESG-Erkl\u00e4rung"},"content":{"rendered":"\n<h2 class=\"wp-block-heading\">Aufbau einer nachhaltigen Zukunft<\/h2>\n\n<p>Die Zayo Group UK Limited und gegebenenfalls ihre in der Europ\u00e4ischen Union (&#8220;EU&#8221;) oder im Europ\u00e4ischen Wirtschaftsraum (&#8220;EWR&#8221;) ans\u00e4ssigen Tochtergesellschaften (zusammen &#8220;Zayo&#8221; oder &#8220;wir&#8221; oder &#8220;unser&#8221; oder &#8220;uns&#8221;) verpflichten sich zu nachhaltigen Gesch\u00e4ftspraktiken durch unsere Bem\u00fchungen in den Bereichen Umweltvertr\u00e4glichkeit, soziale Verantwortung und effektive Unternehmensf\u00fchrung. Unserer Mission liegt ein tiefes ESG-Engagement zugrunde, mit dem wir unsere Mitarbeiter in die F\u00f6rderung eines nachhaltigen Wandels und die Schaffung st\u00e4rkerer Gemeinschaften einbinden, insbesondere dort, wo wir leben und arbeiten. <\/p>\n\n<p>Sehen Sie sich unseren <a href=\"https:\/\/www.zayo.com\/wp-content\/uploads\/2024-GHG-Report.public.pdf\">Emissionsbericht 2024<\/a> an<\/p>\n\n<p>Die Auflistung der britischen und europ\u00e4ischen Tochtergesellschaften der Zayo Group UK Limited bedeutet weder ausdr\u00fccklich noch anderweitig, dass alle oder eine dieser Tochtergesellschaften die Verantwortung f\u00fcr die Handlungen oder Unterlassungen der jeweils anderen \u00fcbernehmen.<\/p>\n","protected":false},"excerpt":{"rendered":"<p>Aufbau einer nachhaltigen Zukunft Die Zayo Group UK Limited und gegebenenfalls ihre in der Europ\u00e4ischen Union (&#8220;EU&#8221;) oder im Europ\u00e4ischen Wirtschaftsraum (&#8220;EWR&#8221;) ans\u00e4ssigen Tochtergesellschaften (zusammen &#8220;Zayo&#8221; oder &#8220;wir&#8221; oder &#8220;unser&#8221; oder &#8220;uns&#8221;) verpflichten sich zu nachhaltigen Gesch\u00e4ftspraktiken durch unsere Bem\u00fchungen in den Bereichen Umweltvertr\u00e4glichkeit, soziale Verantwortung und effektive Unternehmensf\u00fchrung. Unserer Mission liegt ein tiefes ESG-Engagement [&hellip;]<\/p>\n","protected":false},"author":1,"featured_media":0,"parent":27293,"menu_order":0,"comment_status":"closed","ping_status":"closed","template":"","meta":{"_acf_changed":false,"footnotes":""},"class_list":["post-27286","page","type-page","status-publish","hentry"],"acf":[],"_links":{"self":[{"href":"https:\/\/zayoeutrans.burbledev.com\/de\/wp-json\/wp\/v2\/pages\/27286","targetHints":{"allow":["GET"]}}],"collection":[{"href":"https:\/\/zayoeutrans.burbledev.com\/de\/wp-json\/wp\/v2\/pages"}],"about":[{"href":"https:\/\/zayoeutrans.burbledev.com\/de\/wp-json\/wp\/v2\/types\/page"}],"author":[{"embeddable":true,"href":"https:\/\/zayoeutrans.burbledev.com\/de\/wp-json\/wp\/v2\/users\/1"}],"replies":[{"embeddable":true,"href":"https:\/\/zayoeutrans.burbledev.com\/de\/wp-json\/wp\/v2\/comments?post=27286"}],"version-history":[{"count":1,"href":"https:\/\/zayoeutrans.burbledev.com\/de\/wp-json\/wp\/v2\/pages\/27286\/revisions"}],"predecessor-version":[{"id":27288,"href":"https:\/\/zayoeutrans.burbledev.com\/de\/wp-json\/wp\/v2\/pages\/27286\/revisions\/27288"}],"up":[{"embeddable":true,"href":"https:\/\/zayoeutrans.burbledev.com\/de\/wp-json\/wp\/v2\/pages\/27293"}],"wp:attachment":[{"href":"https:\/\/zayoeutrans.burbledev.com\/de\/wp-json\/wp\/v2\/media?parent=27286"}],"curies":[{"name":"wp","href":"https:\/\/api.w.org\/{rel}","templated":true}]}}