{"id":27304,"date":"2024-02-27T00:06:54","date_gmt":"2024-02-27T00:06:54","guid":{"rendered":"https:\/\/zayoeutrans.burbledev.com\/netzwerk\/"},"modified":"2024-02-27T00:06:54","modified_gmt":"2024-02-27T00:06:54","slug":"netzwerk","status":"publish","type":"page","link":"https:\/\/zayoeutrans.burbledev.com\/de\/netzwerk\/","title":{"rendered":"Netzwerk"},"content":{"rendered":"","protected":false},"excerpt":{"rendered":"<p>Erhalten Sie schnellen Zugang zu den wichtigsten M\u00e4rkten \u00fcber das globale Glasfasernetz von Zayo. Sehen Sie, wie unsere Netzwerkkapazit\u00e4ten die Anforderungen Ihres Unternehmens erf\u00fcllen k\u00f6nnen und erkunden Sie die Glasfaserkarten hier. <\/p>\n","protected":false},"author":1,"featured_media":0,"parent":0,"menu_order":0,"comment_status":"closed","ping_status":"closed","template":"","meta":{"_acf_changed":false,"footnotes":""},"class_list":["post-27304","page","type-page","status-publish","hentry"],"acf":[],"_links":{"self":[{"href":"https:\/\/zayoeutrans.burbledev.com\/de\/wp-json\/wp\/v2\/pages\/27304","targetHints":{"allow":["GET"]}}],"collection":[{"href":"https:\/\/zayoeutrans.burbledev.com\/de\/wp-json\/wp\/v2\/pages"}],"about":[{"href":"https:\/\/zayoeutrans.burbledev.com\/de\/wp-json\/wp\/v2\/types\/page"}],"author":[{"embeddable":true,"href":"https:\/\/zayoeutrans.burbledev.com\/de\/wp-json\/wp\/v2\/users\/1"}],"replies":[{"embeddable":true,"href":"https:\/\/zayoeutrans.burbledev.com\/de\/wp-json\/wp\/v2\/comments?post=27304"}],"version-history":[{"count":0,"href":"https:\/\/zayoeutrans.burbledev.com\/de\/wp-json\/wp\/v2\/pages\/27304\/revisions"}],"wp:attachment":[{"href":"https:\/\/zayoeutrans.burbledev.com\/de\/wp-json\/wp\/v2\/media?parent=27304"}],"curies":[{"name":"wp","href":"https:\/\/api.w.org\/{rel}","templated":true}]}}