{"id":27307,"date":"2024-07-10T16:49:41","date_gmt":"2024-07-10T15:49:41","guid":{"rendered":"https:\/\/zayoeutrans.burbledev.com\/rechtliche-richtlinien\/rechtlicher-hinweis\/"},"modified":"2026-05-07T17:55:36","modified_gmt":"2026-05-07T16:55:36","slug":"rechtlicher-hinweis","status":"publish","type":"page","link":"https:\/\/zayoeutrans.burbledev.com\/de\/rechtliche-richtlinien\/rechtlicher-hinweis\/","title":{"rendered":"Rechtlicher Hinweis"},"content":{"rendered":"\n<p>Zayo Europe&#8221; ist der Handelsname f\u00fcr Zayo Group UK Limited und seine britischen und europ\u00e4ischen Tochtergesellschaften.<\/p>\n\n<p>Zayo Group UK Limited ist der Eigent\u00fcmer dieser Website.<\/p>\n\n<p>Zayo Group UK Limited ist eine Gesellschaft mit beschr\u00e4nkter Haftung, die in England und Wales unter der Unternehmensregistrierungsnummer 03726666 eingetragen ist und ihren eingetragenen Firmensitz in<sup>4th<\/sup> Floor, The Relay Building, 114 Whitechapel High Street, London, E1 7PT, Vereinigtes K\u00f6nigreich hat.<\/p>\n\n<p>Die Zayo Group UK Limited ist f\u00fcr Mehrwertsteuerzwecke unter der Umsatzsteuer-Identifikationsnummer GB100211801 registriert.<\/p>\n\n<p>Alle Verweise auf dieser Website auf &#8220;Zayo&#8221; oder &#8220;wir&#8221; oder &#8220;unser&#8221; oder &#8220;uns&#8221; sind als Verweise auf die Zayo Group UK Limited und ihre Tochtergesellschaften zu verstehen.  <\/p>\n\n<p>Die Tochtergesellschaften der Zayo Group UK Limited im Vereinigten K\u00f6nigreich und in Europa sind unten aufgef\u00fchrt:<\/p>\n\n<p><strong>Fibrespeed Limited<\/strong><strong><\/strong><\/p>\n\n<p>Firmenregistrierungsnummer: 06340164<\/p>\n\n<p>Eingetragene Adresse:<sup>4th<\/sup> Floor, The Relay Building, 114 Whitechapel High Street, London, E1 7PT, Vereinigtes K\u00f6nigreich<\/p>\n\n<p>Umsatzsteuer-Nr.: GB921510367<\/p>\n\n<p><strong>Zayo Infrastruktur Belgien NV  <\/strong><strong><\/strong><\/p>\n\n<p>Registrierungsnummer des Unternehmens: 0454.115.002<\/p>\n\n<p>Eingetragene Adresse: Avenue Louise 287\/16, 1050 Br\u00fcssel, Belgien<\/p>\n\n<p>Umsatzsteuer-Nr.: BE0454115002<\/p>\n\n<p><strong>Zayo Infrastruktur Bulgarien EOOD  <\/strong><strong><\/strong><\/p>\n\n<p>Firmenregistrierungsnummer: 207135903<\/p>\n\n<p>Registrierte Adresse: 17 Vasil Aprilov Str., Sofia 1504, Bulgarien<\/p>\n\n<p>Umsatzsteuer-Nr.: BG207135903<\/p>\n\n<p><strong>Zayo Infrastruktur D\u00e4nemark ApS  <\/strong><strong><\/strong><\/p>\n\n<p>Firmenregistrierungsnummer: 41325917<\/p>\n\n<p>Eingetragene Adresse: Nybrogade 12, 1203 K\u00f8benhavn K, D\u00e4nemark<\/p>\n\n<p>MwSt. Nr.: DK41325917<\/p>\n\n<p><strong>Zayo Infrastruktur Deutschland GmbH  <\/strong><strong><\/strong><\/p>\n\n<p>Unternehmensregistrierungsnummer: HRB 53889<\/p>\n\n<p>Eingetragene Adresse: Mainzer Landstra\u00dfe 41, Frankfurt am Main, 60329, Deutschland<\/p>\n\n<p>Umsatzsteuer-Nr.: DE223036652<\/p>\n\n<p><strong>Zayo Infrastructure Frankreich SA  <\/strong><strong><\/strong><\/p>\n\n<p>Unternehmensregistrierung Nr.: 413 567 132<\/p>\n\n<p>Eingetragene Adresse: 19\/21 Rue Poissonniere, Paris, 75002, Frankreich<\/p>\n\n<p>MwSt. Nr.: FR16413567132<\/p>\n\n<p><strong>Zayo Infrastruktur Irland Limited  <\/strong><strong><\/strong><\/p>\n\n<p>Unternehmensregistrierung Nr.: 299662<\/p>\n\n<p>Eingetragene Adresse: Custom House Plaza, Block 6, International Financial Services Centre, Dublin 1,<\/p>\n\n<p>Republik Irland, D01 X9Y5<\/p>\n\n<p>Umsatzsteuer-Nr.: IE8299662P<\/p>\n\n<p><strong>Zayo Italien S.R.L.<\/strong>  <\/p>\n\n<p>Unternehmensregistrierungs-Nr.: TS &#8211; 202108<\/p>\n\n<p>Eingetragene Adresse: Via Dante Alighieri 5, 34122 Trieste, Italien  <\/p>\n\n<p>Umsatzsteuer-Nr.: IT01303990327<\/p>\n\n<p><strong>Zayo Infrastructure Nederland B.V.  <\/strong><strong><\/strong><\/p>\n\n<p>Firmenregistrierungsnummer: 34098675<\/p>\n\n<p>Eingetragene Adresse: Singel 126, 1015AE Amsterdam, 1043GR, Die Niederlande<\/p>\n\n<p>Umsatzsteuer-Nr.: NL805848757B01<\/p>\n\n<p><strong>Zayo Infrastructure Spain S.L.  <\/strong><strong><\/strong><\/p>\n\n<p>Firmenregistrierungs-Nr.: B-87955373<\/p>\n\n<p>Eingetragene Adresse: Avenida Concha Espina, no 39-B, 28016 Madrid, Spanien<\/p>\n\n<p>Umsatzsteuer-Nr.: ESB87955373<\/p>\n\n<p><strong>Zayo Infrastruktur Schweden AB<\/strong><strong><\/strong><\/p>\n\n<p>Unternehmensregistrierung Nr.: 559403-5460<\/p>\n\n<p>Eingetragene Adresse: Strandv\u00e4gen 7A, 114 56 Stockholm, Schweden<\/p>\n\n<p>Umsatzsteuer-Nr.: SE559403546001<\/p>\n\n<p><strong>Zayo Infrastructure Schweiz AG<\/strong><strong><\/strong><\/p>\n\n<p>Registrierungsnummer des Unternehmens: CHE-100.812.808<\/p>\n\n<p>Eingetragene Adresse: Im Grund 11, 8957, Spreitenbach, Schweiz<\/p>\n\n<p>MwSt.-Nr.: CHE-100.812.808 MWST<\/p>\n\n<p><strong>Globalways GmbH<br\/><\/strong>Registrierungsnummer der Gesellschaft: HRB 769160<\/p>\n\n<p>Eingetragene Adresse: Neue Br\u00fccke 8, D-70173 Stuttgart, Deutschland<\/p>\n\n<p>Umsatzsteuer-Nr.: DE262701479<\/p>\n\n<p>Die Auflistung der britischen und europ\u00e4ischen Tochtergesellschaften der Zayo Group UK Limited bedeutet weder ausdr\u00fccklich noch anderweitig, dass alle oder eine dieser Tochtergesellschaften die Verantwortung f\u00fcr die Handlungen oder Unterlassungen der jeweils anderen \u00fcbernehmen.<\/p>\n","protected":false},"excerpt":{"rendered":"<p>Zayo Europe&#8221; ist der Handelsname f\u00fcr Zayo Group UK Limited und seine britischen und europ\u00e4ischen Tochtergesellschaften. Zayo Group UK Limited ist der Eigent\u00fcmer dieser Website. Zayo Group UK Limited ist eine Gesellschaft mit beschr\u00e4nkter Haftung, die in England und Wales unter der Unternehmensregistrierungsnummer 03726666 eingetragen ist und ihren eingetragenen Firmensitz in4th Floor, The Relay Building, [&hellip;]<\/p>\n","protected":false},"author":1,"featured_media":0,"parent":27293,"menu_order":0,"comment_status":"closed","ping_status":"closed","template":"","meta":{"_acf_changed":false,"footnotes":""},"class_list":["post-27307","page","type-page","status-publish","hentry"],"acf":[],"_links":{"self":[{"href":"https:\/\/zayoeutrans.burbledev.com\/de\/wp-json\/wp\/v2\/pages\/27307","targetHints":{"allow":["GET"]}}],"collection":[{"href":"https:\/\/zayoeutrans.burbledev.com\/de\/wp-json\/wp\/v2\/pages"}],"about":[{"href":"https:\/\/zayoeutrans.burbledev.com\/de\/wp-json\/wp\/v2\/types\/page"}],"author":[{"embeddable":true,"href":"https:\/\/zayoeutrans.burbledev.com\/de\/wp-json\/wp\/v2\/users\/1"}],"replies":[{"embeddable":true,"href":"https:\/\/zayoeutrans.burbledev.com\/de\/wp-json\/wp\/v2\/comments?post=27307"}],"version-history":[{"count":1,"href":"https:\/\/zayoeutrans.burbledev.com\/de\/wp-json\/wp\/v2\/pages\/27307\/revisions"}],"predecessor-version":[{"id":27308,"href":"https:\/\/zayoeutrans.burbledev.com\/de\/wp-json\/wp\/v2\/pages\/27307\/revisions\/27308"}],"up":[{"embeddable":true,"href":"https:\/\/zayoeutrans.burbledev.com\/de\/wp-json\/wp\/v2\/pages\/27293"}],"wp:attachment":[{"href":"https:\/\/zayoeutrans.burbledev.com\/de\/wp-json\/wp\/v2\/media?parent=27307"}],"curies":[{"name":"wp","href":"https:\/\/api.w.org\/{rel}","templated":true}]}}