{"id":27309,"date":"2024-02-21T21:14:54","date_gmt":"2024-02-21T21:14:54","guid":{"rendered":"https:\/\/zayoeutrans.burbledev.com\/rechtliche-richtlinien\/cookie-richtlinie\/"},"modified":"2026-05-07T17:55:37","modified_gmt":"2026-05-07T16:55:37","slug":"cookie-richtlinie","status":"publish","type":"page","link":"https:\/\/zayoeutrans.burbledev.com\/de\/rechtliche-richtlinien\/cookie-richtlinie\/","title":{"rendered":"Cookie-Richtlinie"},"content":{"rendered":"\n<p>Diese Cookie-Richtlinie gilt f\u00fcr alle Websites, die von der Zayo Group UK Limited und ggf. ihren in der Europ\u00e4ischen Union (&#8220;EU&#8221;) oder im Europ\u00e4ischen Wirtschaftsraum (&#8220;EWR&#8221;) ans\u00e4ssigen Tochtergesellschaften (im Folgenden &#8220;Zayo&#8221;, &#8220;wir&#8221; oder &#8220;unser&#8221; oder &#8220;uns&#8221;) angeboten werden und auf die in dieser Cookie-Richtlinie Bezug genommen wird.<\/p>\n\n<p>Eine Liste der Tochtergesellschaften der Zayo Group UK Limited im Vereinigten K\u00f6nigreich und in Europa finden Sie <a href=\"https:\/\/zayoeutrans.burbledev.com\/de\/rechtliche-richtlinien\/rechtlicher-hinweis\/\" data-type=\"page\" data-id=\"22714\">hier<\/a>.  <\/p>\n\n<p>Die Auflistung der britischen und europ\u00e4ischen Tochtergesellschaften der Zayo Group UK Limited bedeutet weder ausdr\u00fccklich noch anderweitig, dass alle oder eine dieser Tochtergesellschaften die Verantwortung f\u00fcr die Handlungen oder Unterlassungen der jeweils anderen \u00fcbernehmen.<\/p>\n\n<p>Da diese Cookie-Richtlinie f\u00fcr alle unsere Websites gilt (sofern nicht ausdr\u00fccklich anders angegeben), werden sie in dieser Cookie-Richtlinie gemeinsam als &#8220;Websites&#8221; bezeichnet.<\/p>\n\n<p>Wenn Sie unsere Websites besuchen, k\u00f6nnen wir Cookies oder \u00e4hnliche Technologien wie unten beschrieben verwenden. Indem Sie auf dem Cookie-Banner, der Ihnen angezeigt wird, auf &#8220;Weiter&#8221; oder &#8220;Ich akzeptiere&#8221; klicken, stimmen Sie unserer Verwendung von Cookies gem\u00e4\u00df dieser Cookie-Richtlinie zu und erkennen an, dass wir die zugrundeliegende Verarbeitung personenbezogener Daten so nutzen, wie wir es hier dargelegt haben. <\/p>\n\n<p>Wenn Sie nicht damit einverstanden sind, dass wir Cookies auf diese Weise verwenden, sollten Sie auf &#8220;ablehnen&#8221; klicken. Sie k\u00f6nnen Ihre Cookie-Entscheidungen auch \u00e4ndern, indem Sie auf die entsprechende Schaltfl\u00e4che klicken. Bitte beachten Sie jedoch, dass die Deaktivierung von Cookies Ihr Online-Erlebnis beeintr\u00e4chtigen und\/oder Sie daran hindern kann, unsere Websites in vollem Umfang zu nutzen.  <\/p>\n\n<h3 class=\"wp-block-heading\">Was sind Cookies?<br\/><\/h3>\n\n<p>Cookies sind Dateien oder Informationen, die auf Ihrer Festplatte oder Ihrem Browser (oder anderen internetf\u00e4higen Ger\u00e4ten wie Smartphones oder Tablets) gespeichert werden k\u00f6nnen, wenn Sie unsere Websites besuchen. Ein Cookie enth\u00e4lt in der Regel den Namen der Website, von der das Cookie stammt, die &#8220;Lebensdauer&#8221; des Cookies (d.h. wie lange das Cookie auf Ihrem Ger\u00e4t verbleibt) und einen Wert, bei dem es sich in der Regel um eine zuf\u00e4llig generierte eindeutige Nummer handelt. <\/p>\n\n<p>Cookies erm\u00f6glichen es unseren Websites, Ihren Computer zu identifizieren, wenn Sie auf unseren Websites navigieren, und zu erkennen, dass Sie sie schon einmal besucht haben. Cookies selbst enthalten keine direkt identifizierbaren pers\u00f6nlichen Informationen. Wir k\u00f6nnen jedoch die Informationen, die wir in Cookies speichern, mit allen personenbezogenen Daten verkn\u00fcpfen, die Sie auf unseren Websites eingeben.  <\/p>\n\n<p>Von Zeit zu Zeit setzen wir auch andere Technologien ein, um Daten zu protokollieren und zu sammeln, damit wir den Verkehr auf unseren Websites analysieren k\u00f6nnen. Diese Technologien erm\u00f6glichen in der Regel nur die Erstellung eines nicht direkt identifizierbaren Hinweises auf Ihren Besuch. In einigen F\u00e4llen k\u00f6nnen sie es uns jedoch erm\u00f6glichen, Details \u00fcber Ihre IP-Adresse zu erhalten und die Besuche auf unseren Websites zu verfolgen. In Verbindung mit Cookies k\u00f6nnen wir auf diese Weise feststellen, welche Teile unserer Websites f\u00fcr unsere Besucher von Interesse sind, und wir k\u00f6nnen Ihnen ma\u00dfgeschneiderte Informationen auf unseren Websites anbieten.   <\/p>\n\n<h3 class=\"wp-block-heading\">F\u00fcr welche Zwecke verwenden unsere Websites Cookies?<br\/><\/h3>\n\n<p>Viele Cookies auf unseren Websites erf\u00fcllen wesentliche Funktionen oder Dienste, die Sie angefordert haben, oder dienen Sicherheitszwecken.<\/p>\n\n<p>Cookies helfen uns auch zu verstehen, welche Bereiche unserer Websites am beliebtesten sind, da sie uns zeigen, welche Seiten wie lange besucht werden. Dies hilft uns, unsere Websites anzupassen, um relevantere und leichter zug\u00e4ngliche Informationen bereitzustellen und unsere Websites und unsere Produkte und\/oder Dienstleistungen besser auf Ihre Interessen und Bed\u00fcrfnisse abzustimmen. Mit Hilfe von Cookies k\u00f6nnen wir beispielsweise sicherstellen, dass die Informationen, die bei Ihrem n\u00e4chsten Besuch auf unseren Websites angezeigt werden, mit Ihren Benutzerpr\u00e4ferenzen \u00fcbereinstimmen.  <\/p>\n\n<p>Cookies k\u00f6nnen auch verwendet werden, um Ihre zuk\u00fcnftigen Aktivit\u00e4ten und Erfahrungen auf unseren Websites zu beschleunigen.<\/p>\n\n<p>Wir verwenden Cookies auch, um Ihnen Werbung zu zeigen, die besser auf Ihre Interessen abgestimmt ist. Mit Ihrem Einverst\u00e4ndnis setzen wir beispielsweise Tracking-Technologien ein, um uns an Inhalte zu erinnern, die Sie zuvor interessiert haben, und diese dann zu nutzen, damit wir Ihnen relevantere, gezielte Informationen anbieten k\u00f6nnen, auch wenn Sie auf einer anderen Website sind. Tracking-Technologien helfen uns auch dabei, die Effektivit\u00e4t von Werbekampagnen zu messen und nachzuvollziehen, ob unsere Produkte und\/oder Dienstleistungen richtig angezeigt wurden. <\/p>\n\n<p>Wir verwenden Cookies auch, um nicht direkt identifizierbare, zusammengefasste Statistiken zu erstellen, die es uns erm\u00f6glichen, zu verstehen, wie die Benutzer unsere Websites nutzen, und die uns helfen, die Struktur und den Inhalt der Websites zu verbessern (z. B. indem wir \u00fcberwachen, welche Funktionen der Websites genutzt werden, welche Seiten besucht werden, wie oft und welche Informationen heruntergeladen werden).<\/p>\n\n<p>Zusammengefasst sind die Vorteile von Cookies:<\/p>\n\n<ol class=\"wp-block-list\">\n<li>Speicherung der vom Benutzer eingegebenen Daten.<\/li>\n\n\n\n<li>Speichern von Benutzereinstellungen.<\/li>\n\n\n\n<li>Helfen Sie bei der Verbesserung oder Websites.<\/li>\n\n\n\n<li>Cookies k\u00f6nnen vom Besucher gel\u00f6scht werden.<\/li>\n\n\n\n<li>Cookies stellen keine Gefahr f\u00fcr das Ger\u00e4t des Besuchers dar.<\/li>\n<\/ol>\n\n<h3 class=\"wp-block-heading\">Welche Art von Cookies kann Zayo auf Ihrem Ger\u00e4t ablegen?<\/h3>\n\n<p><strong>Streng notwendige Cookies:<\/strong> Diese Cookies sind f\u00fcr den Betrieb unserer Websites unverzichtbar, wie z.B. Cookies, die den Zugang zu sicheren Bereichen unserer Websites authentifizieren, und k\u00f6nnen in unseren Systemen nicht ausgeschaltet werden. Ohne diese Cookies k\u00f6nnen die von Ihnen angeforderten Dienste nicht bereitgestellt werden. Sie werden in der Regel nur als Reaktion auf Ihre Aktionen gesetzt, die einer Anforderung von Diensten gleichkommen, wie z.B.  <\/p>\n\n<p>die Einstellung Ihrer Datenschutzeinstellungen, das Einloggen oder das Ausf\u00fcllen von Formularen. Sie k\u00f6nnen Ihren Browser so einstellen, dass er diese Cookies blockiert oder Sie vor ihnen warnt, aber einige Teile der Website funktionieren dann nicht. Diese Cookies speichern keine pers\u00f6nlich identifizierbaren Informationen.  <\/p>\n\n<p><strong>Funktionale Cookies:<\/strong> Diese Cookies erm\u00f6glichen es der Website, verbesserte Funktionalit\u00e4t und Personalisierung zu bieten. Sie k\u00f6nnen von uns oder von Drittanbietern gesetzt werden, deren Dienste wir auf unseren Seiten hinzugef\u00fcgt haben. Wenn Sie diese Cookies nicht zulassen, k\u00f6nnen einige oder alle dieser Dienste nicht richtig funktionieren.  <\/p>\n\n<p><strong>Leistungs-\/Analyse-Cookies: <\/strong>Diese Cookies erm\u00f6glichen es uns, Besuche und Verkehrsquellen zu z\u00e4hlen, damit wir die Leistung unserer Websites messen und verbessern k\u00f6nnen. Sie helfen uns zu wissen, welche Seiten am beliebtesten und am unbeliebtesten sind und wie sich die Besucher auf unseren Websites bewegen. Alle Informationen, die diese Cookies sammeln, sind aggregiert und daher anonym. Wenn Sie diese Cookies nicht zulassen, werden wir nicht wissen   <\/p>\n\n<p>wenn Sie unsere Websites besucht haben, und sind nicht in der Lage, deren Leistung zu \u00fcberwachen.<\/p>\n\n<p><strong>Marketing\/Targeting Cookies:<\/strong> Diese Cookies erm\u00f6glichen es uns, ein Profil Ihrer Interessen zu erstellen und Sie auf relevante Produkte und\/oder Dienstleistungen hinzuweisen, die wir anbieten. Sie speichern keine direkten pers\u00f6nlichen Informationen, sondern basieren auf der eindeutigen Identifizierung Ihres Browsers oder eines oder mehrerer internetf\u00e4higer Ger\u00e4te, die Sie zum Besuch unserer Websites verwendet haben. Wenn Sie diese Cookies nicht zulassen, werden Sie weniger gezielte  <\/p>\n\n<p>Marketing, Werbung und relevante Informationen, um Ihren Interessen gerecht zu werden.<\/p>\n\n<p><strong>Sitzungscookies (nicht persistente Cookies):<\/strong> Diese Cookies existieren nur, solange sich der Benutzer auf unseren Websites befindet. Diese Cookies werden gel\u00f6scht, sobald der Benutzer die Webseite verl\u00e4sst, also am Ende der Browsing-Sitzung. <\/p>\n\n<p><strong>Dauerhafte Cookies: <\/strong>Diese Cookies verbleiben f\u00fcr die Dauer des jeweiligen Cookies f\u00fcr einen l\u00e4ngeren Zeitraum auf Ihrem Browser oder einem oder mehreren internetf\u00e4higen Ger\u00e4ten, die Sie zum Besuch unserer Websites verwendet haben, und bleiben bis zu ihrem festgelegten Ablaufdatum g\u00fcltig (es sei denn, sie werden vom Benutzer vor dem Ablaufdatum gel\u00f6scht). Sie werden verwendet, um einen wiederkehrenden Besucher als eindeutigen Benutzer zu erkennen. Wenn der Besucher persistente Cookies einschr\u00e4nkt  <\/p>\n\n<p>Cookies verwenden, k\u00f6nnen diese Cookies keine Informationen \u00fcber diesen Besucher sammeln.<\/p>\n\n<p><strong>Cookies von Dritten:<\/strong> Diese Cookies, die auf Ihrem Browser oder jedem internetf\u00e4higen Ger\u00e4t, das Sie zum Besuch unserer Websites verwendet haben, abgelegt werden, werden zu Analyse-, Marketing- und Werbezwecken verwendet. Diese Cookies k\u00f6nnen dauerhaft oder nicht dauerhaft sein und werden von verschiedenen Domainnamen platziert. <\/p>\n\n<p>Wenn Sie unsere Websites besuchen, erhalten Sie m\u00f6glicherweise Cookies von Websites oder Domains Dritter. Wir haben m\u00f6glicherweise Links zu den Websites, Apps oder Social Plug-ins anderer Organisationen. Wenn wir diese Links einf\u00fcgen, haben diese Websites die M\u00f6glichkeit, Cookies zu verwenden. Sie k\u00f6nnen keine Cookies lesen, die wir auf unseren Websites setzen, und wir k\u00f6nnen keine Cookies lesen, die sie setzen, aber sie k\u00f6nnen dieselbe Art von Verkehrsmessung durchf\u00fchren, die wir auf unseren Websites durchf\u00fchren. Andere Websites und Dienste k\u00f6nnen ebenfalls Cookies verwenden, \u00fcber die wir keine Kontrolle haben. Bei diesen Cookies handelt es sich wahrscheinlich um Analyse-\/Leistungs-Cookies oder zielgerichtete Cookies.     <\/p>\n\n<p>Weitere Informationen \u00fcber diese Cookies finden Sie auf der Website des betreffenden Dritten. Der betreffende Dritte ist daf\u00fcr verantwortlich, Ihnen Informationen \u00fcber die Verwendung von Cookies auf seiner Website zur Verf\u00fcgung zu stellen und Ihre Zustimmung einzuholen, bevor er Cookies auf Ihrem Browser oder einem oder mehreren internetf\u00e4higen Ger\u00e4ten platziert, die Sie zum Besuch seiner Website verwendet haben oder die Sie zu seiner Website f\u00fchren. <\/p>\n\n<p><strong>Social Media Cookies:<\/strong> Diese Cookies sammeln Informationen, wenn Sie die Funktionen sozialer Netzwerke auf<\/p>\n\n<p>unserer Website wie Teilen oder Gef\u00e4llt mir.<\/p>\n\n<h3 class=\"wp-block-heading\">Wie k\u00f6nnen Sie Ihre Zustimmung zur Verwendung von Cookies kontrollieren, l\u00f6schen oder widerrufen?<\/h3>\n\n<p>Sie k\u00f6nnen Ihre Zustimmung zur Verwendung von Cookies auf unseren Websites widerrufen oder die Platzierung von Cookies auf Ihrem Browser oder einem oder mehreren internetf\u00e4higen Ger\u00e4ten, die Sie zum Besuch unserer Websites verwendet haben, l\u00f6schen oder einschr\u00e4nken, indem Sie unsere Plattform zur Verwaltung der Cookie-Zustimmung nutzen.<\/p>\n\n<p>Wenn Sie die von unseren Websites verwendeten Cookies deaktivieren, kann sich dies auf Ihren Besuch auf unseren Websites auswirken. So k\u00f6nnen Sie beispielsweise bestimmte Bereiche unserer Websites nicht besuchen oder Sie erhalten beim Besuch unserer Websites m\u00f6glicherweise keine personalisierten oder ma\u00dfgeschneiderten Informationen.<\/p>\n\n<p>Sie k\u00f6nnen auch bereits auf Ihrem Computer gespeicherte Cookies l\u00f6schen.<\/p>\n\n<p>Auch dies kann negative Auswirkungen auf die Benutzerfreundlichkeit unserer Websites haben.<\/p>\n\n<h3 class=\"wp-block-heading\">Mehr Informationen<\/h3>\n\n<p>Weitere Informationen \u00fcber Cookies und ihre Verwendung finden Sie hier:<\/p>\n\n<p><a href=\"http:\/\/www.allaboutcookies.org\">http:\/\/www.allaboutcookies.org<\/a><\/p>\n\n<p><a href=\"http:\/\/en.wikipedia.org\/wiki\/HTTP_cookie\">http:\/\/en.wikipedia.org\/wiki\/HTTP_cookie<\/a><\/p>\n\n<h3 class=\"wp-block-heading\">Wie k\u00f6nnen Sie Ihre pers\u00f6nlichen Daten einsehen, \u00e4ndern oder l\u00f6schen?<\/h3>\n\n<p>Als Einzelpersonen haben Sie das Recht, auf alle personenbezogenen Daten, die wir \u00fcber Sie gespeichert haben, zuzugreifen und deren Berichtigung zu beantragen. Sie haben auch andere Rechte nach geltendem Recht. Wenn Sie weitere Informationen w\u00fcnschen und diese Rechte aus\u00fcben m\u00f6chten, senden Sie bitte eine schriftliche und unterzeichnete Anfrage an Zayo per E-Mail an eulegal@zayo.com oder sehen Sie sich unsere <a href=\"https:\/\/zayoeutrans.burbledev.com\/legal\/privacy\/\" data-type=\"page\" data-id=\"7914\">Datenschutzrichtlinie<\/a> an.    <\/p>\n\n<p>Alternativ k\u00f6nnen Sie auch die entsprechende Adresse unten verwenden:<\/p>\n\n<p><strong>Vizepr\u00e4sident &amp; Chefsyndikus (Europa) <br\/><\/strong>Zayo Group UK Limited <br\/>4 th Floor, The Relay Building | 114 Whitechapel High Street | London | E1 7PT | UK<\/p>\n\n<h2 class=\"wp-block-heading\">Platzierte Cookies<\/h2>\n<div id=\"cmplz-cookies-overview\"><\/div>\n\n<h2 class=\"wp-block-heading\">Zustimmung verwalten<\/h2>\n\n<p>Verwalten Sie Ihre Cookie-Einstellungen <a class=\"cmplz-show-banner\">, indem Sie hier klicken.<\/a><\/p>\n\n<p><\/p>\n","protected":false},"excerpt":{"rendered":"<p>Unsere Website verwendet Cookies, um Ihnen das bestm\u00f6gliche Erlebnis bieten zu k\u00f6nnen. Cookies sind kleine Textdateien, die auf Ihrem Computer oder Mobiltelefon gespeichert werden, wenn Sie auf Websites surfen. <\/p>\n","protected":false},"author":1,"featured_media":0,"parent":27293,"menu_order":0,"comment_status":"closed","ping_status":"closed","template":"","meta":{"_acf_changed":false,"footnotes":""},"class_list":["post-27309","page","type-page","status-publish","hentry"],"acf":[],"_links":{"self":[{"href":"https:\/\/zayoeutrans.burbledev.com\/de\/wp-json\/wp\/v2\/pages\/27309","targetHints":{"allow":["GET"]}}],"collection":[{"href":"https:\/\/zayoeutrans.burbledev.com\/de\/wp-json\/wp\/v2\/pages"}],"about":[{"href":"https:\/\/zayoeutrans.burbledev.com\/de\/wp-json\/wp\/v2\/types\/page"}],"author":[{"embeddable":true,"href":"https:\/\/zayoeutrans.burbledev.com\/de\/wp-json\/wp\/v2\/users\/1"}],"replies":[{"embeddable":true,"href":"https:\/\/zayoeutrans.burbledev.com\/de\/wp-json\/wp\/v2\/comments?post=27309"}],"version-history":[{"count":1,"href":"https:\/\/zayoeutrans.burbledev.com\/de\/wp-json\/wp\/v2\/pages\/27309\/revisions"}],"predecessor-version":[{"id":27310,"href":"https:\/\/zayoeutrans.burbledev.com\/de\/wp-json\/wp\/v2\/pages\/27309\/revisions\/27310"}],"up":[{"embeddable":true,"href":"https:\/\/zayoeutrans.burbledev.com\/de\/wp-json\/wp\/v2\/pages\/27293"}],"wp:attachment":[{"href":"https:\/\/zayoeutrans.burbledev.com\/de\/wp-json\/wp\/v2\/media?parent=27309"}],"curies":[{"name":"wp","href":"https:\/\/api.w.org\/{rel}","templated":true}]}}