{"id":28350,"date":"2023-08-11T10:44:25","date_gmt":"2023-08-11T09:44:25","guid":{"rendered":"https:\/\/zayoeutrans.burbledev.com\/fuehrung-des-unternehmens\/"},"modified":"2026-05-07T18:04:58","modified_gmt":"2026-05-07T17:04:58","slug":"fuehrung-des-unternehmens","status":"publish","type":"page","link":"https:\/\/zayoeutrans.burbledev.com\/de\/ueber\/fuehrung-des-unternehmens\/","title":{"rendered":"F\u00fchrung des Unternehmens"},"content":{"rendered":"","protected":false},"excerpt":{"rendered":"<p>Wir bieten unseren Kunden ein globales Netzwerk von F\u00fchrungskr\u00e4ften an. Unsere F\u00fchrungskr\u00e4fte sorgen f\u00fcr Verbindungen. Sehen Sie sich die Unternehmensprofile der Zayo Group an.  <\/p>\n","protected":false},"author":1,"featured_media":0,"parent":28545,"menu_order":0,"comment_status":"closed","ping_status":"closed","template":"","meta":{"_acf_changed":false,"footnotes":""},"class_list":["post-28350","page","type-page","status-publish","hentry"],"acf":[],"_links":{"self":[{"href":"https:\/\/zayoeutrans.burbledev.com\/de\/wp-json\/wp\/v2\/pages\/28350","targetHints":{"allow":["GET"]}}],"collection":[{"href":"https:\/\/zayoeutrans.burbledev.com\/de\/wp-json\/wp\/v2\/pages"}],"about":[{"href":"https:\/\/zayoeutrans.burbledev.com\/de\/wp-json\/wp\/v2\/types\/page"}],"author":[{"embeddable":true,"href":"https:\/\/zayoeutrans.burbledev.com\/de\/wp-json\/wp\/v2\/users\/1"}],"replies":[{"embeddable":true,"href":"https:\/\/zayoeutrans.burbledev.com\/de\/wp-json\/wp\/v2\/comments?post=28350"}],"version-history":[{"count":1,"href":"https:\/\/zayoeutrans.burbledev.com\/de\/wp-json\/wp\/v2\/pages\/28350\/revisions"}],"predecessor-version":[{"id":28546,"href":"https:\/\/zayoeutrans.burbledev.com\/de\/wp-json\/wp\/v2\/pages\/28350\/revisions\/28546"}],"up":[{"embeddable":true,"href":"https:\/\/zayoeutrans.burbledev.com\/de\/wp-json\/wp\/v2\/pages\/28545"}],"wp:attachment":[{"href":"https:\/\/zayoeutrans.burbledev.com\/de\/wp-json\/wp\/v2\/media?parent=28350"}],"curies":[{"name":"wp","href":"https:\/\/api.w.org\/{rel}","templated":true}]}}