{"id":28545,"date":"2023-03-09T13:34:35","date_gmt":"2023-03-09T13:34:35","guid":{"rendered":"https:\/\/zayoeutrans.burbledev.com\/ueber\/"},"modified":"2023-03-09T13:34:35","modified_gmt":"2023-03-09T13:34:35","slug":"ueber","status":"publish","type":"page","link":"https:\/\/zayoeutrans.burbledev.com\/de\/ueber\/","title":{"rendered":"\u00dcber"},"content":{"rendered":"","protected":false},"excerpt":{"rendered":"<p>Wir verbinden, was als n\u00e4chstes kommt. Als eines der f\u00fchrenden globalen Internet-Backbone-Unternehmen bietet Zayo Infrastrukturen f\u00fcr die Daten\u00fcbertragung in Lichtgeschwindigkeit und Glasfasernetze. <\/p>\n","protected":false},"author":1,"featured_media":0,"parent":0,"menu_order":0,"comment_status":"closed","ping_status":"closed","template":"","meta":{"_acf_changed":false,"footnotes":""},"class_list":["post-28545","page","type-page","status-publish","hentry"],"acf":[],"_links":{"self":[{"href":"https:\/\/zayoeutrans.burbledev.com\/de\/wp-json\/wp\/v2\/pages\/28545","targetHints":{"allow":["GET"]}}],"collection":[{"href":"https:\/\/zayoeutrans.burbledev.com\/de\/wp-json\/wp\/v2\/pages"}],"about":[{"href":"https:\/\/zayoeutrans.burbledev.com\/de\/wp-json\/wp\/v2\/types\/page"}],"author":[{"embeddable":true,"href":"https:\/\/zayoeutrans.burbledev.com\/de\/wp-json\/wp\/v2\/users\/1"}],"replies":[{"embeddable":true,"href":"https:\/\/zayoeutrans.burbledev.com\/de\/wp-json\/wp\/v2\/comments?post=28545"}],"version-history":[{"count":0,"href":"https:\/\/zayoeutrans.burbledev.com\/de\/wp-json\/wp\/v2\/pages\/28545\/revisions"}],"wp:attachment":[{"href":"https:\/\/zayoeutrans.burbledev.com\/de\/wp-json\/wp\/v2\/media?parent=28545"}],"curies":[{"name":"wp","href":"https:\/\/api.w.org\/{rel}","templated":true}]}}