{"id":27224,"date":"2023-03-09T16:22:32","date_gmt":"2023-03-09T16:22:32","guid":{"rendered":"https:\/\/zayoeutrans.burbledev.com\/accueil\/"},"modified":"2026-05-07T19:38:20","modified_gmt":"2026-05-07T18:38:20","slug":"accueil","status":"publish","type":"page","link":"https:\/\/zayoeutrans.burbledev.com\/fr\/","title":{"rendered":"Accueil"},"content":{"rendered":"","protected":false},"excerpt":{"rendered":"<p>De la fibre et du transport \u00e0 la connectivit\u00e9 de r\u00e9seau internationale et aux services g\u00e9r\u00e9s, Zayo construit des solutions de r\u00e9seau innovantes. Am\u00e9liorez votre r\u00e9seau d\u00e8s aujourd&#8217;hui. <\/p>\n","protected":false},"author":1,"featured_media":0,"parent":0,"menu_order":0,"comment_status":"closed","ping_status":"open","template":"","meta":{"_acf_changed":false,"footnotes":""},"class_list":["post-27224","page","type-page","status-publish","hentry"],"acf":[],"_links":{"self":[{"href":"https:\/\/zayoeutrans.burbledev.com\/fr\/wp-json\/wp\/v2\/pages\/27224","targetHints":{"allow":["GET"]}}],"collection":[{"href":"https:\/\/zayoeutrans.burbledev.com\/fr\/wp-json\/wp\/v2\/pages"}],"about":[{"href":"https:\/\/zayoeutrans.burbledev.com\/fr\/wp-json\/wp\/v2\/types\/page"}],"author":[{"embeddable":true,"href":"https:\/\/zayoeutrans.burbledev.com\/fr\/wp-json\/wp\/v2\/users\/1"}],"replies":[{"embeddable":true,"href":"https:\/\/zayoeutrans.burbledev.com\/fr\/wp-json\/wp\/v2\/comments?post=27224"}],"version-history":[{"count":2,"href":"https:\/\/zayoeutrans.burbledev.com\/fr\/wp-json\/wp\/v2\/pages\/27224\/revisions"}],"predecessor-version":[{"id":28580,"href":"https:\/\/zayoeutrans.burbledev.com\/fr\/wp-json\/wp\/v2\/pages\/27224\/revisions\/28580"}],"wp:attachment":[{"href":"https:\/\/zayoeutrans.burbledev.com\/fr\/wp-json\/wp\/v2\/media?parent=27224"}],"curies":[{"name":"wp","href":"https:\/\/api.w.org\/{rel}","templated":true}]}}