{"id":27276,"date":"2024-07-10T16:57:55","date_gmt":"2024-07-10T15:57:55","guid":{"rendered":"https:\/\/zayoeutrans.burbledev.com\/declaration-esg\/"},"modified":"2026-05-07T17:55:23","modified_gmt":"2026-05-07T16:55:23","slug":"declaration-esg","status":"publish","type":"page","link":"https:\/\/zayoeutrans.burbledev.com\/fr\/politiques-juridiques\/declaration-esg\/","title":{"rendered":"D\u00e9claration ESG"},"content":{"rendered":"\n<h2 class=\"wp-block-heading\">Construire un avenir durable<\/h2>\n\n<p>Zayo Group UK Limited et, le cas \u00e9ch\u00e9ant, ses filiales bas\u00e9es dans les \u00c9tats membres de l&#8217;Union europ\u00e9enne (&#8220;UE&#8221;) ou dans l&#8217;Espace \u00e9conomique europ\u00e9en (&#8220;EEE&#8221;) (collectivement, &#8220;Zayo&#8221; ou &#8220;nous&#8221; ou &#8220;notre&#8221; ou &#8220;nos&#8221;) s&#8217;engagent \u00e0 adopter des pratiques commerciales durables gr\u00e2ce \u00e0 leurs efforts en mati\u00e8re d&#8217;impact sur l&#8217;environnement, de responsabilit\u00e9 sociale et de gouvernance d&#8217;entreprise efficace. Notre mission s&#8217;accompagne d&#8217;un engagement ESG profond visant \u00e0 impliquer pleinement nos employ\u00e9s dans la conduite d&#8217;un changement durable et la cr\u00e9ation de communaut\u00e9s plus fortes, en particulier l\u00e0 o\u00f9 nous vivons et travaillons.<\/p>\n\n<p>Consultez notre <a href=\"https:\/\/www.zayo.com\/wp-content\/uploads\/2024-GHG-Report.public.pdf\">rapport sur les \u00e9missions en 2024<\/a><\/p>\n\n<p>L&#8217;\u00e9num\u00e9ration par Zayo Group UK Limited de ses soci\u00e9t\u00e9s affili\u00e9es au Royaume-Uni et en Europe ne signifie pas, express\u00e9ment ou non, que toutes ces soci\u00e9t\u00e9s affili\u00e9es ou l&#8217;une d&#8217;entre elles acceptent la responsabilit\u00e9 des actes ou omissions de chacune d&#8217;entre elles.<\/p>\n","protected":false},"excerpt":{"rendered":"<p>Construire un avenir durable Zayo Group UK Limited et, le cas \u00e9ch\u00e9ant, ses filiales bas\u00e9es dans les \u00c9tats membres de l&#8217;Union europ\u00e9enne (&#8220;UE&#8221;) ou dans l&#8217;Espace \u00e9conomique europ\u00e9en (&#8220;EEE&#8221;) (collectivement, &#8220;Zayo&#8221; ou &#8220;nous&#8221; ou &#8220;notre&#8221; ou &#8220;nos&#8221;) s&#8217;engagent \u00e0 adopter des pratiques commerciales durables gr\u00e2ce \u00e0 leurs efforts en mati\u00e8re d&#8217;impact sur l&#8217;environnement, de responsabilit\u00e9 [&hellip;]<\/p>\n","protected":false},"author":1,"featured_media":0,"parent":27295,"menu_order":0,"comment_status":"closed","ping_status":"closed","template":"","meta":{"_acf_changed":false,"footnotes":""},"class_list":["post-27276","page","type-page","status-publish","hentry"],"acf":[],"_links":{"self":[{"href":"https:\/\/zayoeutrans.burbledev.com\/fr\/wp-json\/wp\/v2\/pages\/27276","targetHints":{"allow":["GET"]}}],"collection":[{"href":"https:\/\/zayoeutrans.burbledev.com\/fr\/wp-json\/wp\/v2\/pages"}],"about":[{"href":"https:\/\/zayoeutrans.burbledev.com\/fr\/wp-json\/wp\/v2\/types\/page"}],"author":[{"embeddable":true,"href":"https:\/\/zayoeutrans.burbledev.com\/fr\/wp-json\/wp\/v2\/users\/1"}],"replies":[{"embeddable":true,"href":"https:\/\/zayoeutrans.burbledev.com\/fr\/wp-json\/wp\/v2\/comments?post=27276"}],"version-history":[{"count":1,"href":"https:\/\/zayoeutrans.burbledev.com\/fr\/wp-json\/wp\/v2\/pages\/27276\/revisions"}],"predecessor-version":[{"id":27277,"href":"https:\/\/zayoeutrans.burbledev.com\/fr\/wp-json\/wp\/v2\/pages\/27276\/revisions\/27277"}],"up":[{"embeddable":true,"href":"https:\/\/zayoeutrans.burbledev.com\/fr\/wp-json\/wp\/v2\/pages\/27295"}],"wp:attachment":[{"href":"https:\/\/zayoeutrans.burbledev.com\/fr\/wp-json\/wp\/v2\/media?parent=27276"}],"curies":[{"name":"wp","href":"https:\/\/api.w.org\/{rel}","templated":true}]}}