{"id":27278,"date":"2024-07-10T16:59:15","date_gmt":"2024-07-10T15:59:15","guid":{"rendered":"https:\/\/zayoeutrans.burbledev.com\/politique-environnementale\/"},"modified":"2026-05-07T17:55:23","modified_gmt":"2026-05-07T16:55:23","slug":"politique-environnementale","status":"publish","type":"page","link":"https:\/\/zayoeutrans.burbledev.com\/fr\/politiques-juridiques\/politique-environnementale\/","title":{"rendered":"Politique environnementale"},"content":{"rendered":"\n<h2 class=\"wp-block-heading\">Objectif<\/h2>\n\n<p>Zayo Group UK Limited et, le cas \u00e9ch\u00e9ant, ses filiales bas\u00e9es dans les \u00c9tats membres de l&#8217;Union europ\u00e9enne (&#8221; UE &#8220;) ou dans l&#8217;Espace \u00e9conomique europ\u00e9en (&#8221; EEE &#8220;) (collectivement, &#8221; Zayo &#8221; ou &#8221; nous &#8221; ou &#8221; notre &#8221; ou &#8221; nos &#8220;) s&#8217;engagent \u00e0 int\u00e9grer le d\u00e9veloppement durable dans tous les aspects de leurs activit\u00e9s commerciales. Alors que nous nous effor\u00e7ons d&#8217;offrir les plus hauts niveaux de valeur \u00e0 nos clients et \u00e0 nos actionnaires, nous nous engageons \u00e0 prendre des d\u00e9cisions respectueuses de l&#8217;environnement qui s&#8217;alignent sur notre mission, notre vision et nos valeurs. Notre approche du d\u00e9veloppement durable se concentre sur l&#8217;engagement des employ\u00e9s dans tous les domaines de l&#8217;entreprise afin de maximiser notre efficacit\u00e9 environnementale. Les initiatives vont de la mise en \u0153uvre de pratiques plus \u00e9conomes en \u00e9nergie et en co\u00fbts dans nos grands Datacenters \u00e0 l&#8217;implication des employ\u00e9s dans des programmes de transport alternatif et de recyclage z\u00e9ro d\u00e9chet. Notre objectif est d&#8217;inciter toutes nos parties prenantes et tous nos fournisseurs \u00e0 adopter des pratiques respectueuses de l&#8217;environnement, ce qui nous aide \u00e0 construire une entreprise plus efficace et des communaut\u00e9s plus durables sur le plan environnemental.    <\/p>\n\n<h2 class=\"wp-block-heading\"><strong>Politique<\/strong><\/h2>\n\n<p>CONFORMIT\u00c9 : Respecter ou d\u00e9passer les normes des r\u00e9glementations environnementales existantes.<\/p>\n\n<p>INNOVATION : Am\u00e9liorer de mani\u00e8re innovante les performances environnementales en minimisant la consommation de ressources.<\/p>\n\n<p>\u00c9VALUATION : \u00c9valuer et att\u00e9nuer les incidences mat\u00e9rielles des activit\u00e9s sur l&#8217;environnement.<\/p>\n\n<p>\u00c9QUIPEMENT : Acheter des \u00e9quipements efficaces et respectueux de l&#8217;environnement qui r\u00e9pondent aux besoins des entreprises et des clients.<\/p>\n\n<p>MINIMISER LES D\u00c9CHETS : Minimiser notre flux de d\u00e9chets dans les d\u00e9charges en \u00e9liminant et en recyclant de mani\u00e8re responsable les d\u00e9chets \u00e9lectroniques et en mettant en place des programmes de gestion des d\u00e9chets de bureau.<\/p>\n\n<p>MARCHES PUBLICS : Mise en \u0153uvre de pratiques d&#8217;achat durables.<\/p>\n\n<p>LES OPTIONS DE D\u00c9PLACEMENT DOMICILE-TRAVAIL : Soutenir les options de transport alternatif \u00e0 faible consommation de carburant ou sans carburant.<\/p>\n\n<p>B\u00c2TIMENTS APPARTENANT \u00c0 ZAYO : Optimisation de l&#8217;efficacit\u00e9 \u00e9nerg\u00e9tique dans les b\u00e2timents exploit\u00e9s par Zayo.<\/p>\n\n<p>FACTURATION SANS PAPIER : facturation sans papier et options de devis via Tranzact.<\/p>\n\n<p>SENSIBILISATION ET FORMATION : Engager les parties prenantes (employ\u00e9s, clients, fournisseurs et investisseurs) \u00e0 encourager les pratiques respectueuses de l&#8217;environnement par le biais de la sensibilisation et de la formation.<\/p>\n\n<p><a href=\"#_msocom_2\">Une<\/a> liste compl\u00e8te des filiales britanniques et europ\u00e9ennes de Zayo Group UK Limited est disponible <a>ici.<\/a> <\/p>\n\n<p>L&#8217;\u00e9num\u00e9ration par Zayo Group UK Limited de ses soci\u00e9t\u00e9s affili\u00e9es au Royaume-Uni et en Europe ne signifie pas, express\u00e9ment ou non, que toutes ces soci\u00e9t\u00e9s affili\u00e9es ou l&#8217;une d&#8217;entre elles acceptent la responsabilit\u00e9 des actes ou omissions de chacune d&#8217;entre elles.<\/p>\n","protected":false},"excerpt":{"rendered":"<p>Objectif Zayo Group UK Limited et, le cas \u00e9ch\u00e9ant, ses filiales bas\u00e9es dans les \u00c9tats membres de l&#8217;Union europ\u00e9enne (&#8221; UE &#8220;) ou dans l&#8217;Espace \u00e9conomique europ\u00e9en (&#8221; EEE &#8220;) (collectivement, &#8221; Zayo &#8221; ou &#8221; nous &#8221; ou &#8221; notre &#8221; ou &#8221; nos &#8220;) s&#8217;engagent \u00e0 int\u00e9grer le d\u00e9veloppement durable dans tous les [&hellip;]<\/p>\n","protected":false},"author":1,"featured_media":0,"parent":27295,"menu_order":0,"comment_status":"closed","ping_status":"closed","template":"","meta":{"_acf_changed":false,"footnotes":""},"class_list":["post-27278","page","type-page","status-publish","hentry"],"acf":[],"_links":{"self":[{"href":"https:\/\/zayoeutrans.burbledev.com\/fr\/wp-json\/wp\/v2\/pages\/27278","targetHints":{"allow":["GET"]}}],"collection":[{"href":"https:\/\/zayoeutrans.burbledev.com\/fr\/wp-json\/wp\/v2\/pages"}],"about":[{"href":"https:\/\/zayoeutrans.burbledev.com\/fr\/wp-json\/wp\/v2\/types\/page"}],"author":[{"embeddable":true,"href":"https:\/\/zayoeutrans.burbledev.com\/fr\/wp-json\/wp\/v2\/users\/1"}],"replies":[{"embeddable":true,"href":"https:\/\/zayoeutrans.burbledev.com\/fr\/wp-json\/wp\/v2\/comments?post=27278"}],"version-history":[{"count":1,"href":"https:\/\/zayoeutrans.burbledev.com\/fr\/wp-json\/wp\/v2\/pages\/27278\/revisions"}],"predecessor-version":[{"id":27279,"href":"https:\/\/zayoeutrans.burbledev.com\/fr\/wp-json\/wp\/v2\/pages\/27278\/revisions\/27279"}],"up":[{"embeddable":true,"href":"https:\/\/zayoeutrans.burbledev.com\/fr\/wp-json\/wp\/v2\/pages\/27295"}],"wp:attachment":[{"href":"https:\/\/zayoeutrans.burbledev.com\/fr\/wp-json\/wp\/v2\/media?parent=27278"}],"curies":[{"name":"wp","href":"https:\/\/api.w.org\/{rel}","templated":true}]}}