{"id":27282,"date":"2024-07-10T16:51:44","date_gmt":"2024-07-10T15:51:44","guid":{"rendered":"https:\/\/zayoeutrans.burbledev.com\/declaration-sur-lesclavage-moderne\/"},"modified":"2026-05-07T17:55:23","modified_gmt":"2026-05-07T16:55:23","slug":"declaration-sur-lesclavage-moderne","status":"publish","type":"page","link":"https:\/\/zayoeutrans.burbledev.com\/fr\/politiques-juridiques\/declaration-sur-lesclavage-moderne\/","title":{"rendered":"D\u00e9claration sur l&#8217;esclavage moderne"},"content":{"rendered":"\n<p>Le groupe Zayo est une organisation mondiale dont les activit\u00e9s et les produits comprennent la fourniture de planification d&#8217;infrastructures de communication, la conception d&#8217;int\u00e9gration de services, la fourniture et l&#8217;exploitation de communications optiques d\u00e9di\u00e9es et de solutions de longueur d&#8217;onde et de r\u00e9seau r\u00e9pondant aux besoins des clients.<\/p>\n\n<p>Le groupe Zayo s&#8217;engage \u00e0 am\u00e9liorer l&#8217;environnement de ses activit\u00e9s, de ses produits et de ses services au b\u00e9n\u00e9fice de ses employ\u00e9s, de ses clients et de ceux qui se trouvent dans sa sph\u00e8re d&#8217;influence.<\/p>\n\n<p>Le groupe Zayo est accr\u00e9dit\u00e9 selon les normes de qualit\u00e9 ISO 9001:2015 et ISO 14001:2015 pour l&#8217;environnement, ainsi que selon la norme ISO 27001:2013 pour le syst\u00e8me de gestion de la s\u00e9curit\u00e9 de l&#8217;information.<\/p>\n\n<p>Le groupe Zayo s&#8217;engage \u00e0 interdire et \u00e0 \u00e9liminer les actes d&#8217;esclavage moderne et de traite des \u00eatres humains au sein de son entreprise et de ses cha\u00eenes d&#8217;approvisionnement, y compris les sous-traitants et les partenaires.<\/p>\n\n<p>L&#8217;entreprise reconna\u00eet sa responsabilit\u00e9 \u00e0 l&#8217;\u00e9gard de la loi de 2015 sur l&#8217;esclavage moderne et veillera \u00e0 la transparence au sein de l&#8217;organisation et avec les fournisseurs de biens et de services de l&#8217;organisation.<\/p>\n\n<p>Dans le cadre des processus de diligence raisonnable de l&#8217;entreprise en mati\u00e8re d&#8217;esclavage et de traite des \u00eatres humains, notre processus d&#8217;approbation des fournisseurs comprendra un examen des contr\u00f4les effectu\u00e9s par nos fournisseurs. Les biens import\u00e9s de sources ext\u00e9rieures au Royaume-Uni et \u00e0 l&#8217;UE sont potentiellement plus expos\u00e9s aux probl\u00e8mes d&#8217;esclavage et de traite des \u00eatres humains. Le niveau de contr\u00f4le de gestion requis pour ces sources fera l&#8217;objet d&#8217;un suivi permanent.<\/p>\n\n<p>L&#8217;entreprise ne soutiendra ni ne traitera avec aucune entreprise sciemment impliqu\u00e9e dans l&#8217;esclavage ou la traite des \u00eatres humains.<\/p>\n\n<p>Les administrateurs et les cadres sup\u00e9rieurs de l&#8217;entreprise assument la responsabilit\u00e9 de la mise en \u0153uvre de la pr\u00e9sente d\u00e9claration de politique g\u00e9n\u00e9rale et de ses objectifs et fournissent les ressources (formation, etc.) et les investissements ad\u00e9quats pour garantir que l&#8217;esclavage et la traite des \u00eatres humains n&#8217;ont pas lieu au sein de l&#8217;organisation et de ses cha\u00eenes d&#8217;approvisionnement.<\/p>\n\n<p>Une copie int\u00e9grale de cette politique et une copie de la loi de 2015 sur l&#8217;esclavage moderne seront accessibles \u00e0 tous les employ\u00e9s par voie \u00e9lectronique et peuvent \u00eatre obtenues sur demande aupr\u00e8s du service juridique.<\/p>\n\n<p>La pr\u00e9sente politique prend en compte, et soutient, les politiques, proc\u00e9dures et exigences document\u00e9es dans notre syst\u00e8me de gestion int\u00e9gr\u00e9, conforme aux exigences des normes<br\/>ISO 9001:2015, ISO 14001:2015 et ISO 27001:2013. La mise en \u0153uvre et le fonctionnement de ce syst\u00e8me de gestion soulignent notre engagement \u00e0 l&#8217;\u00e9gard de cette politique. Des proc\u00e9dures formelles concernant l&#8217;esclavage et la traite des \u00eatres humains ont \u00e9t\u00e9 mises en place, y compris des proc\u00e9dures disciplinaires en cas de non-respect de ces proc\u00e9dures.<\/p>\n\n<p>Des proc\u00e9dures suppl\u00e9mentaires garantissent que cette politique est comprise et communiqu\u00e9e \u00e0 tous les niveaux de l&#8217;entreprise, et qu&#8217;elle est r\u00e9guli\u00e8rement r\u00e9examin\u00e9e afin de s&#8217;assurer qu&#8217;elle reste adapt\u00e9e et pertinente pour les activit\u00e9s de l&#8217;entreprise.<\/p>\n\n<p>La responsabilit\u00e9 ultime de l&#8217;absence d&#8217;esclavage et de traite des \u00eatres humains au sein de l&#8217;organisation et de sa cha\u00eene d&#8217;approvisionnement incombe au directeur g\u00e9n\u00e9ral, qui veillera \u00e0 ce qu&#8217;une priorit\u00e9 \u00e9gale \u00e0 celle des autres grands objectifs de l&#8217;entreprise lui soit accord\u00e9e. La mise en \u0153uvre de cette politique rel\u00e8ve de la responsabilit\u00e9 de la hi\u00e9rarchie \u00e0 tous les niveaux, avec la participation de tous les employ\u00e9s.<\/p>\n\n<p>Cette politique, soutenue par des instructions, des proc\u00e9dures et des dispositions organisationnelles au sein du groupe Zayo et de ses filiales, y compris Fibrespeed, doit \u00eatre appliqu\u00e9e \u00e0 toutes les activit\u00e9s, tous les produits et tous les services fournis par l&#8217;entreprise. Tous les directeurs, responsables, superviseurs, employ\u00e9s et sous-traitants appliqueront cette politique.<\/p>\n\n<p>La politique sera r\u00e9vis\u00e9e et mise \u00e0 jour si n\u00e9cessaire.<\/p>\n","protected":false},"excerpt":{"rendered":"<p>Le groupe Zayo est une organisation mondiale dont les activit\u00e9s et les produits comprennent la fourniture de planification d&#8217;infrastructures de communication, la conception d&#8217;int\u00e9gration de services, la fourniture et l&#8217;exploitation de communications optiques d\u00e9di\u00e9es et de solutions de longueur d&#8217;onde et de r\u00e9seau r\u00e9pondant aux besoins des clients. Le groupe Zayo s&#8217;engage \u00e0 am\u00e9liorer l&#8217;environnement [&hellip;]<\/p>\n","protected":false},"author":1,"featured_media":0,"parent":27295,"menu_order":0,"comment_status":"closed","ping_status":"closed","template":"","meta":{"_acf_changed":false,"footnotes":""},"class_list":["post-27282","page","type-page","status-publish","hentry"],"acf":[],"_links":{"self":[{"href":"https:\/\/zayoeutrans.burbledev.com\/fr\/wp-json\/wp\/v2\/pages\/27282","targetHints":{"allow":["GET"]}}],"collection":[{"href":"https:\/\/zayoeutrans.burbledev.com\/fr\/wp-json\/wp\/v2\/pages"}],"about":[{"href":"https:\/\/zayoeutrans.burbledev.com\/fr\/wp-json\/wp\/v2\/types\/page"}],"author":[{"embeddable":true,"href":"https:\/\/zayoeutrans.burbledev.com\/fr\/wp-json\/wp\/v2\/users\/1"}],"replies":[{"embeddable":true,"href":"https:\/\/zayoeutrans.burbledev.com\/fr\/wp-json\/wp\/v2\/comments?post=27282"}],"version-history":[{"count":1,"href":"https:\/\/zayoeutrans.burbledev.com\/fr\/wp-json\/wp\/v2\/pages\/27282\/revisions"}],"predecessor-version":[{"id":27283,"href":"https:\/\/zayoeutrans.burbledev.com\/fr\/wp-json\/wp\/v2\/pages\/27282\/revisions\/27283"}],"up":[{"embeddable":true,"href":"https:\/\/zayoeutrans.burbledev.com\/fr\/wp-json\/wp\/v2\/pages\/27295"}],"wp:attachment":[{"href":"https:\/\/zayoeutrans.burbledev.com\/fr\/wp-json\/wp\/v2\/media?parent=27282"}],"curies":[{"name":"wp","href":"https:\/\/api.w.org\/{rel}","templated":true}]}}