{"id":27302,"date":"2023-10-30T10:04:51","date_gmt":"2023-10-30T10:04:51","guid":{"rendered":"https:\/\/zayoeutrans.burbledev.com\/salle-de-presse\/"},"modified":"2023-10-30T10:04:51","modified_gmt":"2023-10-30T10:04:51","slug":"salle-de-presse","status":"publish","type":"page","link":"https:\/\/zayoeutrans.burbledev.com\/fr\/salle-de-presse\/","title":{"rendered":"Salle de presse"},"content":{"rendered":"","protected":false},"excerpt":{"rendered":"<p>Chez Zayo, nous connectons ce qui vient apr\u00e8s. L&#8217;infrastructure de notre r\u00e9seau mondial est en constante am\u00e9lioration et \u00e9volution. Lisez les derni\u00e8res nouvelles dans notre salle de presse.<\/p>\n","protected":false},"author":1,"featured_media":0,"parent":0,"menu_order":0,"comment_status":"closed","ping_status":"closed","template":"","meta":{"_acf_changed":false,"footnotes":""},"class_list":["post-27302","page","type-page","status-publish","hentry"],"acf":[],"_links":{"self":[{"href":"https:\/\/zayoeutrans.burbledev.com\/fr\/wp-json\/wp\/v2\/pages\/27302","targetHints":{"allow":["GET"]}}],"collection":[{"href":"https:\/\/zayoeutrans.burbledev.com\/fr\/wp-json\/wp\/v2\/pages"}],"about":[{"href":"https:\/\/zayoeutrans.burbledev.com\/fr\/wp-json\/wp\/v2\/types\/page"}],"author":[{"embeddable":true,"href":"https:\/\/zayoeutrans.burbledev.com\/fr\/wp-json\/wp\/v2\/users\/1"}],"replies":[{"embeddable":true,"href":"https:\/\/zayoeutrans.burbledev.com\/fr\/wp-json\/wp\/v2\/comments?post=27302"}],"version-history":[{"count":0,"href":"https:\/\/zayoeutrans.burbledev.com\/fr\/wp-json\/wp\/v2\/pages\/27302\/revisions"}],"wp:attachment":[{"href":"https:\/\/zayoeutrans.burbledev.com\/fr\/wp-json\/wp\/v2\/media?parent=27302"}],"curies":[{"name":"wp","href":"https:\/\/api.w.org\/{rel}","templated":true}]}}