{"id":27305,"date":"2024-02-27T00:06:54","date_gmt":"2024-02-27T00:06:54","guid":{"rendered":"https:\/\/zayoeutrans.burbledev.com\/reseau\/"},"modified":"2024-02-27T00:06:54","modified_gmt":"2024-02-27T00:06:54","slug":"reseau","status":"publish","type":"page","link":"https:\/\/zayoeutrans.burbledev.com\/fr\/reseau\/","title":{"rendered":"R\u00e9seau"},"content":{"rendered":"","protected":false},"excerpt":{"rendered":"<p>Acc\u00e9dez rapidement aux principaux march\u00e9s gr\u00e2ce au r\u00e9seau mondial de fibres optiques de Zayo. D\u00e9couvrez comment nos capacit\u00e9s de r\u00e9seau peuvent r\u00e9pondre aux besoins de votre entreprise et explorez les cartes de fibre optique ici. <\/p>\n","protected":false},"author":1,"featured_media":0,"parent":0,"menu_order":0,"comment_status":"closed","ping_status":"closed","template":"","meta":{"_acf_changed":false,"footnotes":""},"class_list":["post-27305","page","type-page","status-publish","hentry"],"acf":[],"_links":{"self":[{"href":"https:\/\/zayoeutrans.burbledev.com\/fr\/wp-json\/wp\/v2\/pages\/27305","targetHints":{"allow":["GET"]}}],"collection":[{"href":"https:\/\/zayoeutrans.burbledev.com\/fr\/wp-json\/wp\/v2\/pages"}],"about":[{"href":"https:\/\/zayoeutrans.burbledev.com\/fr\/wp-json\/wp\/v2\/types\/page"}],"author":[{"embeddable":true,"href":"https:\/\/zayoeutrans.burbledev.com\/fr\/wp-json\/wp\/v2\/users\/1"}],"replies":[{"embeddable":true,"href":"https:\/\/zayoeutrans.burbledev.com\/fr\/wp-json\/wp\/v2\/comments?post=27305"}],"version-history":[{"count":0,"href":"https:\/\/zayoeutrans.burbledev.com\/fr\/wp-json\/wp\/v2\/pages\/27305\/revisions"}],"wp:attachment":[{"href":"https:\/\/zayoeutrans.burbledev.com\/fr\/wp-json\/wp\/v2\/media?parent=27305"}],"curies":[{"name":"wp","href":"https:\/\/api.w.org\/{rel}","templated":true}]}}