{"id":27313,"date":"2024-02-21T21:14:54","date_gmt":"2024-02-21T21:14:54","guid":{"rendered":"https:\/\/zayoeutrans.burbledev.com\/politiques-juridiques\/politique-en-matiere-de-cookies\/"},"modified":"2026-05-07T17:55:40","modified_gmt":"2026-05-07T16:55:40","slug":"politique-en-matiere-de-cookies","status":"publish","type":"page","link":"https:\/\/zayoeutrans.burbledev.com\/fr\/politiques-juridiques\/politique-en-matiere-de-cookies\/","title":{"rendered":"Politique en mati\u00e8re de cookies"},"content":{"rendered":"\n<p>La pr\u00e9sente politique en mati\u00e8re de cookies s&#8217;applique \u00e0 tous les sites Web propos\u00e9s par Zayo Group UK Limited et, le cas \u00e9ch\u00e9ant, par ses filiales bas\u00e9es dans les \u00c9tats membres de l&#8217;Union europ\u00e9enne (&#8221; UE &#8220;) ou dans l&#8217;Espace \u00e9conomique europ\u00e9en (&#8221; EEE &#8220;) (ci-apr\u00e8s &#8221; Zayo &#8220;, &#8221; nous &#8220;, &#8221; notre &#8221; ou &#8221; nos &#8220;), auxquels il est fait r\u00e9f\u00e9rence dans la pr\u00e9sente politique en mati\u00e8re de cookies.<\/p>\n\n<p>Une liste des filiales britanniques et europ\u00e9ennes de Zayo Group UK Limited est disponible <a href=\"https:\/\/zayoeutrans.burbledev.com\/legal\/legal-notice\/\" data-type=\"page\" data-id=\"22714\">ici.<\/a> <\/p>\n\n<p>L&#8217;\u00e9num\u00e9ration par Zayo Group UK Limited de ses soci\u00e9t\u00e9s affili\u00e9es au Royaume-Uni et en Europe ne signifie pas, express\u00e9ment ou non, que toutes ces soci\u00e9t\u00e9s affili\u00e9es ou l&#8217;une d&#8217;entre elles acceptent la responsabilit\u00e9 des actes ou omissions de chacune d&#8217;entre elles.<\/p>\n\n<p>La pr\u00e9sente politique en mati\u00e8re de cookies s&#8217;appliquant \u00e0 l&#8217;ensemble de nos sites web (sauf disposition contraire expresse), ceux-ci sont d\u00e9sign\u00e9s collectivement par le terme &#8220;sites web&#8221; tout au long de la pr\u00e9sente politique en mati\u00e8re de cookies.<\/p>\n\n<p>Lorsque vous visitez nos sites web, nous pouvons utiliser des cookies ou des technologies similaires, comme d\u00e9crit ci-dessous. En cliquant sur &#8220;continuer&#8221; ou &#8220;j&#8217;accepte&#8221; sur la banni\u00e8re de cookies qui vous est pr\u00e9sent\u00e9e, vous acceptez que nous utilisions des cookies conform\u00e9ment \u00e0 la pr\u00e9sente politique en mati\u00e8re de cookies et vous reconnaissez que nous utiliserons le traitement des donn\u00e9es \u00e0 caract\u00e8re personnel sous-jacentes comme nous l&#8217;avons indiqu\u00e9 ici. <\/p>\n\n<p>Si vous n&#8217;acceptez pas que nous utilisions des cookies de cette mani\u00e8re, vous devez cliquer sur &#8220;refuser&#8221;. Vous pouvez \u00e9galement modifier vos choix en mati\u00e8re de cookies en cliquant sur le bouton correspondant. Veuillez toutefois noter que la d\u00e9sactivation des cookies peut affecter votre exp\u00e9rience en ligne et\/ou vous emp\u00eacher de profiter pleinement de nos sites web.  <\/p>\n\n<h3 class=\"wp-block-heading\">Qu&#8217;est-ce qu&#8217;un biscuit ?<br\/><\/h3>\n\n<p>Les cookies sont des fichiers ou des \u00e9l\u00e9ments d&#8217;information qui peuvent \u00eatre stock\u00e9s sur votre disque dur ou votre navigateur (ou d&#8217;autres appareils compatibles avec Internet, tels qu&#8217;un smartphone ou une tablette) lorsque vous visitez nos sites web. Un cookie contient g\u00e9n\u00e9ralement le nom du site web d&#8217;o\u00f9 provient le cookie, la dur\u00e9e de vie du cookie (c&#8217;est-\u00e0-dire la dur\u00e9e pendant laquelle le cookie restera sur votre appareil) et une valeur, qui est g\u00e9n\u00e9ralement un num\u00e9ro unique g\u00e9n\u00e9r\u00e9 de mani\u00e8re al\u00e9atoire. <\/p>\n\n<p>Les cookies permettent \u00e0 nos sites web d&#8217;identifier votre ordinateur lorsque vous naviguez sur les diff\u00e9rentes pages de nos sites web et de reconna\u00eetre les pages que vous avez d\u00e9j\u00e0 visit\u00e9es. Les cookies eux-m\u00eames ne contiennent aucune information personnelle directement identifiable. Toutefois, nous pouvons relier les informations que nous stockons dans les cookies \u00e0 toute information personnelle identifiable que vous soumettez sur nos sites web.  <\/p>\n\n<p>De temps \u00e0 autre, nous pouvons \u00e9galement utiliser d&#8217;autres technologies pour enregistrer et collecter des donn\u00e9es afin d&#8217;analyser le trafic sur nos sites web. En r\u00e8gle g\u00e9n\u00e9rale, ces technologies ne permettent de g\u00e9n\u00e9rer qu&#8217;un avis non directement identifiable de votre visite. Toutefois, dans certains cas, elles peuvent nous permettre d&#8217;obtenir des d\u00e9tails sur votre adresse IP et de suivre les visites sur nos sites web. Conjointement avec les cookies, cela nous permettra d&#8217;identifier les parties de nos sites web qui int\u00e9ressent nos visiteurs et nous aidera \u00e0 vous fournir des informations personnalis\u00e9es \u00e0 partir de nos sites web.   <\/p>\n\n<h3 class=\"wp-block-heading\">\u00c0 quelles fins nos sites web utilisent-ils des cookies ?<br\/><\/h3>\n\n<p>De nombreux cookies pr\u00e9sents sur nos sites web remplissent des fonctions essentielles ou des services que vous avez demand\u00e9s, ou servent \u00e0 des fins de s\u00e9curit\u00e9.<\/p>\n\n<p>Les cookies nous aident \u00e9galement \u00e0 comprendre quelles sections de nos sites web sont les plus populaires, car ils nous indiquent quelles pages sont visit\u00e9es et pendant combien de temps. Cela nous aide \u00e0 adapter nos sites web afin de fournir des informations plus pertinentes et plus accessibles et de mieux adapter nos sites web et nos produits et\/ou services \u00e0 vos int\u00e9r\u00eats et \u00e0 vos besoins. Par exemple, les cookies nous permettent de nous assurer que les informations affich\u00e9es lors de votre prochaine visite sur nos sites web correspondent \u00e0 vos pr\u00e9f\u00e9rences d&#8217;utilisateur.  <\/p>\n\n<p>Les cookies peuvent \u00e9galement \u00eatre utilis\u00e9s pour acc\u00e9l\u00e9rer vos activit\u00e9s et exp\u00e9riences futures sur nos sites web.<\/p>\n\n<p>Nous utilisons \u00e9galement des cookies pour afficher des publicit\u00e9s plus pertinentes par rapport \u00e0 vos int\u00e9r\u00eats. Par exemple, avec votre consentement, nous utilisons des technologies de suivi pour m\u00e9moriser le contenu qui vous a int\u00e9ress\u00e9 pr\u00e9c\u00e9demment et l&#8217;utiliser ensuite pour nous aider \u00e0 vous fournir des informations cibl\u00e9es plus pertinentes, y compris lorsque vous vous trouvez sur un autre site. Les technologies de suivi nous aident \u00e9galement \u00e0 mesurer l&#8217;efficacit\u00e9 des campagnes publicitaires et \u00e0 d\u00e9terminer si nos produits et\/ou services ont \u00e9t\u00e9 correctement affich\u00e9s. <\/p>\n\n<p>Nous utilisons \u00e9galement des cookies pour compiler des statistiques agr\u00e9g\u00e9es non directement identifiables qui nous permettent de comprendre comment les utilisateurs utilisent nos sites web et de nous aider \u00e0 am\u00e9liorer la structure et le contenu des sites web (par exemple, en contr\u00f4lant les fonctions des sites web qui sont utilis\u00e9es, les pages qui sont visit\u00e9es, leur fr\u00e9quence et les informations qui sont t\u00e9l\u00e9charg\u00e9es).<\/p>\n\n<p>En r\u00e9sum\u00e9, les avantages des cookies sont les suivants<\/p>\n\n<ol class=\"wp-block-list\">\n<li>M\u00e9moriser les d\u00e9tails fournis par l&#8217;utilisateur.<\/li>\n\n\n\n<li>M\u00e9morisation des pr\u00e9f\u00e9rences de l&#8217;utilisateur.<\/li>\n\n\n\n<li>Aider \u00e0 am\u00e9liorer nos sites web.<\/li>\n\n\n\n<li>Les cookies peuvent \u00eatre supprim\u00e9s par le visiteur.<\/li>\n\n\n\n<li>Les cookies ne constituent pas une menace pour l&#8217;appareil du visiteur.<\/li>\n<\/ol>\n\n<h3 class=\"wp-block-heading\">Quels types de cookies Zayo peut-il placer sur votre appareil ?<\/h3>\n\n<p><strong>Cookies strictement n\u00e9cessaires :<\/strong> Ces cookies sont essentiels au fonctionnement de nos sites web, tels que les cookies authentifiant l&#8217;acc\u00e8s aux zones s\u00e9curis\u00e9es de nos sites web, et ne peuvent pas \u00eatre d\u00e9sactiv\u00e9s dans nos syst\u00e8mes. Sans ces cookies, les services que vous avez demand\u00e9s ne peuvent pas \u00eatre fournis. Ils ne sont g\u00e9n\u00e9ralement install\u00e9s qu&#8217;en r\u00e9ponse \u00e0 des actions que vous effectuez et qui \u00e9quivalent \u00e0 une demande de services, telles que  <\/p>\n\n<p>le r\u00e9glage de vos pr\u00e9f\u00e9rences en mati\u00e8re de confidentialit\u00e9, la connexion ou le remplissage de formulaires. Vous pouvez configurer votre navigateur pour qu&#8217;il bloque ces cookies ou vous en avertisse, mais certaines parties du site ne fonctionneront alors pas. Ces cookies ne stockent aucune information personnelle identifiable.  <\/p>\n\n<p><strong>Cookies fonctionnels :<\/strong> Ces cookies permettent au site web d&#8217;offrir une fonctionnalit\u00e9 et une personnalisation accrues. Ils peuvent \u00eatre install\u00e9s par nous ou par des fournisseurs tiers dont nous avons ajout\u00e9 les services \u00e0 nos pages. Si vous n&#8217;autorisez pas ces cookies, il se peut que tout ou partie de ces services ne fonctionnent pas correctement.  <\/p>\n\n<p><strong>Cookies de performance\/analytique : <\/strong>Ces cookies nous permettent de compter les visites et les sources de trafic afin de mesurer et d&#8217;am\u00e9liorer les performances de nos sites web. Ils nous aident \u00e0 savoir quelles sont les pages les plus et les moins populaires et \u00e0 voir comment les visiteurs se d\u00e9placent sur nos sites web. Toutes les informations collect\u00e9es par ces cookies sont agr\u00e9g\u00e9es et donc anonymes. Si vous n&#8217;autorisez pas ces cookies, nous ne saurons pas   <\/p>\n\n<p>lorsque vous avez visit\u00e9 nos sites web, et ne sera pas en mesure de contr\u00f4ler leurs performances.<\/p>\n\n<p><strong>Cookies de marketing\/ciblage :<\/strong> Ces cookies nous permettent d&#8217;\u00e9tablir un profil de vos int\u00e9r\u00eats et de vous diriger vers des produits et\/ou services pertinents que nous offrons. Ils ne stockent pas d&#8217;informations directement personnelles, mais sont bas\u00e9s sur l&#8217;identification unique de votre navigateur ou de tout appareil compatible avec Internet que vous avez pu utiliser pour visiter nos sites web. Si vous n&#8217;autorisez pas ces cookies, vous b\u00e9n\u00e9ficierez d&#8217;une navigation moins cibl\u00e9e.  <\/p>\n\n<p>marketing, publicit\u00e9 et informations pertinentes pour r\u00e9pondre \u00e0 vos int\u00e9r\u00eats.<\/p>\n\n<p><strong>Cookies de session (cookies non persistants) :<\/strong> Ces cookies n&#8217;existent que pendant que l&#8217;utilisateur est sur nos sites web. Ils sont supprim\u00e9s lorsque l&#8217;utilisateur quitte la page web, \u00e0 la fin de la session de navigation. <\/p>\n\n<p><strong>Cookies persistants : <\/strong>Ces cookies restent dans votre navigateur, ou dans tout appareil compatible avec Internet que vous avez utilis\u00e9 pour visiter nos sites web, pendant une p\u00e9riode plus longue, pour la dur\u00e9e de chaque cookie sp\u00e9cifique, et resteront valables jusqu&#8217;\u00e0 la date d&#8217;expiration fix\u00e9e (sauf s&#8217;ils sont supprim\u00e9s par l&#8217;utilisateur avant la date d&#8217;expiration). Ils sont utilis\u00e9s pour reconna\u00eetre un visiteur de retour en tant qu&#8217;utilisateur unique. Si le visiteur limite les cookies persistants  <\/p>\n\n<p>ces cookies ne recueillent aucune information sur le visiteur.<\/p>\n\n<p><strong>Cookies de tiers :<\/strong> Ces cookies plac\u00e9s sur votre navigateur ou sur tout appareil compatible avec Internet que vous avez utilis\u00e9 pour visiter nos sites web sont utilis\u00e9s \u00e0 des fins d&#8217;analyse, de marketing et de publicit\u00e9. Ces cookies peuvent \u00eatre persistants ou non et sont plac\u00e9s \u00e0 partir de diff\u00e9rents noms de domaine. <\/p>\n\n<p>Lorsque vous visitez nos sites web, vous pouvez recevoir des cookies provenant de sites web ou de domaines tiers. Nous pouvons avoir des liens vers les sites web, les applications ou les plug-ins sociaux d&#8217;autres organisations. Lorsque nous incluons ces liens, nous donnons \u00e0 ces sites la possibilit\u00e9 d&#8217;utiliser des cookies. Ils ne peuvent pas lire les cookies que nous d\u00e9finissons \u00e0 partir de nos sites web, et nous ne pouvons pas lire les cookies qu&#8217;ils d\u00e9finissent, mais cela leur permet d&#8217;effectuer le m\u00eame type de mesure du trafic que nous faisons sur nos sites web. D&#8217;autres sites web et services peuvent \u00e9galement utiliser des cookies sur lesquels nous n&#8217;avons aucun contr\u00f4le. Ces cookies sont susceptibles d&#8217;\u00eatre des cookies analytiques\/de performance ou des cookies de ciblage.     <\/p>\n\n<p>Vous devez consulter le site web du tiers concern\u00e9 pour obtenir de plus amples informations sur ces cookies. Il incombe au tiers concern\u00e9 de vous fournir des informations sur l&#8217;utilisation des cookies sur son site web et d&#8217;obtenir votre consentement avant de placer des cookies sur votre navigateur ou sur tout appareil compatible avec Internet que vous avez utilis\u00e9 pour visiter son site web ou pour vous y rendre. <\/p>\n\n<p><strong>Cookies des m\u00e9dias sociaux :<\/strong> Ces cookies collectent des informations lors de l&#8217;utilisation des fonctions de r\u00e9seaux sociaux sur<\/p>\n\n<p>notre site web, comme partager ou aimer.<\/p>\n\n<h3 class=\"wp-block-heading\">Comment pouvez-vous contr\u00f4ler, supprimer ou retirer votre consentement \u00e0 l&#8217;utilisation de cookies ?<\/h3>\n\n<p>Vous pouvez retirer votre consentement \u00e0 l&#8217;utilisation de cookies sur nos sites web ou supprimer ou restreindre l&#8217;installation de cookies sur votre navigateur ou sur tout appareil compatible avec Internet que vous avez utilis\u00e9 pour visiter nos sites web, en utilisant notre plateforme de gestion du consentement aux cookies.<\/p>\n\n<p>Si vous d\u00e9sactivez les cookies utilis\u00e9s par nos sites web, cela peut avoir un impact sur votre exp\u00e9rience de navigation sur nos sites web, par exemple vous ne pourrez pas visiter certaines zones de nos sites web, ou vous ne recevrez pas d&#8217;informations personnalis\u00e9es ou sur mesure lorsque vous visitez nos sites web.<\/p>\n\n<p>Vous pouvez \u00e9galement supprimer les cookies d\u00e9j\u00e0 stock\u00e9s sur votre ordinateur.<\/p>\n\n<p>L\u00e0 encore, cela peut avoir un impact n\u00e9gatif sur la facilit\u00e9 d&#8217;utilisation de nos sites web.<\/p>\n\n<h3 class=\"wp-block-heading\">Plus d&#8217;informations<\/h3>\n\n<p>Pour plus d&#8217;informations sur les cookies et leur utilisation, visitez le site :<\/p>\n\n<p><a href=\"http:\/\/www.allaboutcookies.org\">http:\/\/www.allaboutcookies.org<\/a><\/p>\n\n<p><a href=\"http:\/\/en.wikipedia.org\/wiki\/HTTP_cookie\">http:\/\/en.wikipedia.org\/wiki\/HTTP_cookie<\/a><\/p>\n\n<h3 class=\"wp-block-heading\">Comment pouvez-vous acc\u00e9der \u00e0 vos informations personnelles, les modifier ou les supprimer ?<\/h3>\n\n<p>En tant que particuliers, vous avez le droit d&#8217;acc\u00e9der aux donn\u00e9es \u00e0 caract\u00e8re personnel que nous d\u00e9tenons \u00e0 votre sujet et d&#8217;en demander la rectification. Vous disposez \u00e9galement d&#8217;autres droits en vertu de la l\u00e9gislation applicable. Si vous souhaitez obtenir de plus amples informations et exercer ces droits, veuillez envoyer une demande \u00e9crite et sign\u00e9e \u00e0 Zayo par courrier \u00e9lectronique \u00e0 l&#8217;adresse eulegal@zayo.com ou consulter notre <a href=\"https:\/\/zayoeutrans.burbledev.com\/legal\/privacy\/\" data-type=\"page\" data-id=\"7914\">politique de confidentialit\u00e9 des donn\u00e9es<\/a>.    <\/p>\n\n<p>Vous pouvez \u00e9galement utiliser l&#8217;adresse correspondante ci-dessous :<\/p>\n\n<p><strong>Vice-pr\u00e9sident et directeur juridique (Europe) <br\/><\/strong>Zayo Group UK Limited <br\/>4 th Floor, The Relay Building | 114 Whitechapel High Street | London | E1 7PT | UK<\/p>\n\n<h2 class=\"wp-block-heading\">Cookies plac\u00e9s<\/h2>\n<div id=\"cmplz-cookies-overview\"><\/div>\n\n<h2 class=\"wp-block-heading\">G\u00e9rer le consentement<\/h2>\n\n<p>G\u00e9rez vos pr\u00e9f\u00e9rences en mati\u00e8re de cookies <a class=\"cmplz-show-banner\">en cliquant ici.<\/a><\/p>\n\n<p><\/p>\n","protected":false},"excerpt":{"rendered":"<p>Notre site web utilise des cookies pour vous offrir la meilleure exp\u00e9rience possible. Les cookies sont de petits fichiers texte qui sont plac\u00e9s sur votre ordinateur ou votre t\u00e9l\u00e9phone portable lorsque vous naviguez sur des sites web <\/p>\n","protected":false},"author":1,"featured_media":0,"parent":27295,"menu_order":0,"comment_status":"closed","ping_status":"closed","template":"","meta":{"_acf_changed":false,"footnotes":""},"class_list":["post-27313","page","type-page","status-publish","hentry"],"acf":[],"_links":{"self":[{"href":"https:\/\/zayoeutrans.burbledev.com\/fr\/wp-json\/wp\/v2\/pages\/27313","targetHints":{"allow":["GET"]}}],"collection":[{"href":"https:\/\/zayoeutrans.burbledev.com\/fr\/wp-json\/wp\/v2\/pages"}],"about":[{"href":"https:\/\/zayoeutrans.burbledev.com\/fr\/wp-json\/wp\/v2\/types\/page"}],"author":[{"embeddable":true,"href":"https:\/\/zayoeutrans.burbledev.com\/fr\/wp-json\/wp\/v2\/users\/1"}],"replies":[{"embeddable":true,"href":"https:\/\/zayoeutrans.burbledev.com\/fr\/wp-json\/wp\/v2\/comments?post=27313"}],"version-history":[{"count":1,"href":"https:\/\/zayoeutrans.burbledev.com\/fr\/wp-json\/wp\/v2\/pages\/27313\/revisions"}],"predecessor-version":[{"id":27316,"href":"https:\/\/zayoeutrans.burbledev.com\/fr\/wp-json\/wp\/v2\/pages\/27313\/revisions\/27316"}],"up":[{"embeddable":true,"href":"https:\/\/zayoeutrans.burbledev.com\/fr\/wp-json\/wp\/v2\/pages\/27295"}],"wp:attachment":[{"href":"https:\/\/zayoeutrans.burbledev.com\/fr\/wp-json\/wp\/v2\/media?parent=27313"}],"curies":[{"name":"wp","href":"https:\/\/api.w.org\/{rel}","templated":true}]}}