{"id":27847,"date":"2024-07-10T16:49:41","date_gmt":"2024-07-10T15:49:41","guid":{"rendered":"https:\/\/zayoeutrans.burbledev.com\/politiques-juridiques\/avis-juridique\/"},"modified":"2026-05-07T17:59:51","modified_gmt":"2026-05-07T16:59:51","slug":"avis-juridique","status":"publish","type":"page","link":"https:\/\/zayoeutrans.burbledev.com\/fr\/politiques-juridiques\/avis-juridique\/","title":{"rendered":"Avis juridique"},"content":{"rendered":"\n<p>Zayo Europe&#8221; est le nom commercial de Zayo Group UK Limited et de ses filiales britanniques et europ\u00e9ennes.<\/p>\n\n<p>Zayo Group UK Limited est le propri\u00e9taire de ce site web.<\/p>\n\n<p>Zayo Group UK Limited est une soci\u00e9t\u00e9 \u00e0 responsabilit\u00e9 limit\u00e9e enregistr\u00e9e en Angleterre et au Pays de Galles sous le num\u00e9ro d&#8217;immatriculation 03726666 et dont le si\u00e8ge social est situ\u00e9 au<sup>4th<\/sup> Floor, The Relay Building, 114 Whitechapel High Street, London, E1 7PT, Royaume-Uni.<\/p>\n\n<p>Le Groupe Zayo UK Limited est enregistr\u00e9 \u00e0 des fins de TVA sous le num\u00e9ro GB100211801.<\/p>\n\n<p>Toutes les r\u00e9f\u00e9rences \u00e0 &#8220;Zayo&#8221;, &#8220;nous&#8221;, &#8220;notre&#8221; ou &#8220;nos&#8221; sur ce site web doivent \u00eatre consid\u00e9r\u00e9es comme se rapportant au Groupe Zayo UK Limited et \u00e0 ses affili\u00e9s.  <\/p>\n\n<p>Les filiales britanniques et europ\u00e9ennes de Zayo Group UK Limited sont \u00e9num\u00e9r\u00e9es ci-dessous :<\/p>\n\n<p><strong>Fibrespeed Limited<\/strong><strong><\/strong><\/p>\n\n<p>Num\u00e9ro d&#8217;enregistrement de la soci\u00e9t\u00e9 : 06340164<\/p>\n\n<p>Adresse du si\u00e8ge social :<sup>4e<\/sup> \u00e9tage, The Relay Building, 114 Whitechapel High Street, Londres, E1 7PT, Royaume-Uni<\/p>\n\n<p>Num\u00e9ro de TVA : GB921510367<\/p>\n\n<p><strong>Zayo Infrastructure Belgium NV  <\/strong><strong><\/strong><\/p>\n\n<p>Num\u00e9ro d&#8217;enregistrement de la soci\u00e9t\u00e9 : 0454.115.002<\/p>\n\n<p>Adresse du si\u00e8ge social : Avenue Louise 287\/16, 1050 Bruxelles, Belgique<\/p>\n\n<p>Num\u00e9ro de TVA : BE0454115002<\/p>\n\n<p><strong>Zayo Infrastructure Bulgaria EOOD  <\/strong><strong><\/strong><\/p>\n\n<p>Num\u00e9ro d&#8217;enregistrement de la soci\u00e9t\u00e9 : 207135903<\/p>\n\n<p>Adresse du si\u00e8ge social : 17 Vasil Aprilov Str., Sofia 1504, Bulgarie<\/p>\n\n<p>Num\u00e9ro de TVA : BG207135903<\/p>\n\n<p><strong>Zayo Infrastructure Denmark ApS  <\/strong><strong><\/strong><\/p>\n\n<p>Num\u00e9ro d&#8217;enregistrement de la soci\u00e9t\u00e9 : 41325917<\/p>\n\n<p>Adresse du si\u00e8ge social : Nybrogade 12, 1203 K\u00f8benhavn K, Danemark<\/p>\n\n<p>Num\u00e9ro de TVA : DK41325917<\/p>\n\n<p><strong>Zayo Infrastructure Deutschland GmbH  <\/strong><strong><\/strong><\/p>\n\n<p>Num\u00e9ro d&#8217;enregistrement de la soci\u00e9t\u00e9 : HRB 53889<\/p>\n\n<p>Adresse du si\u00e8ge social : Mainzer Landstrasse 41, Francfort-sur-le-Main, 60329, Allemagne<\/p>\n\n<p>Num\u00e9ro de TVA : DE223036652<\/p>\n\n<p><strong>Zayo Infrastructure France SA  <\/strong><strong><\/strong><\/p>\n\n<p>Num\u00e9ro d&#8217;enregistrement de la soci\u00e9t\u00e9 : 413 567 132<\/p>\n\n<p>Adresse du si\u00e8ge social : 19\/21 Rue Poissonni\u00e8re, Paris, 75002, France<\/p>\n\n<p>Num\u00e9ro de TVA : FR16413567132<\/p>\n\n<p><strong>Zayo Infrastructure Ireland Limited  <\/strong><strong><\/strong><\/p>\n\n<p>Num\u00e9ro d&#8217;enregistrement de la soci\u00e9t\u00e9 : 299662<\/p>\n\n<p>Adresse du si\u00e8ge social : Custom House Plaza, Block 6, International Financial Services Centre, Dublin 1,<\/p>\n\n<p>R\u00e9publique d&#8217;Irlande, D01 X9Y5<\/p>\n\n<p>Num\u00e9ro de TVA : IE8299662P<\/p>\n\n<p><strong>Zayo Italy S.R.L.<\/strong>  <\/p>\n\n<p>Num\u00e9ro d&#8217;enregistrement de la soci\u00e9t\u00e9 : TS &#8211; 202108<\/p>\n\n<p>Adresse du si\u00e8ge social : Via Dante Alighieri 5, 34122 Trieste, Italie  <\/p>\n\n<p>Num\u00e9ro de TVA : IT01303990327<\/p>\n\n<p><strong>Zayo Infrastructure Nederland B.V.  <\/strong><strong><\/strong><\/p>\n\n<p>Num\u00e9ro d&#8217;enregistrement de la soci\u00e9t\u00e9 : 34098675<\/p>\n\n<p>Adresse du si\u00e8ge social : Singel 126, 1015AE Amsterdam, 1043GR, Pays-Bas<\/p>\n\n<p>Num\u00e9ro de TVA : NL805848757B01<\/p>\n\n<p><strong>Zayo Infrastructure Spain S.L.  <\/strong><strong><\/strong><\/p>\n\n<p>Num\u00e9ro d&#8217;enregistrement de la soci\u00e9t\u00e9 : B-87955373<\/p>\n\n<p>Adresse du si\u00e8ge social : Avenida Concha Espina, no 39-B, 28016 Madrid, Espagne<\/p>\n\n<p>Num\u00e9ro de TVA : ESB87955373<\/p>\n\n<p><strong>Zayo Infrastructure Sweden AB<\/strong><strong><\/strong><\/p>\n\n<p>Num\u00e9ro d&#8217;enregistrement de la soci\u00e9t\u00e9 : 559403-5460<\/p>\n\n<p>Adresse du si\u00e8ge social : Strandv\u00e4gen 7A, 114 56 Stockholm, Su\u00e8de<\/p>\n\n<p>Num\u00e9ro de TVA : SE559403546001<\/p>\n\n<p><strong>Zayo Infrastructure Switzerland AG<\/strong><strong><\/strong><\/p>\n\n<p>Num\u00e9ro d&#8217;enregistrement de la soci\u00e9t\u00e9 : CHE-100.812.808<\/p>\n\n<p>Adresse du si\u00e8ge social : Im Grund 11, 8957, Spreitenbach, Suisse<\/p>\n\n<p>N\u00b0 de TVA : CHE-100.812.808 MWST<\/p>\n\n<p><strong>Globalways GmbH<br\/><\/strong>Num\u00e9ro d&#8217;enregistrement de la soci\u00e9t\u00e9 : HRB 769160<\/p>\n\n<p>Adresse du si\u00e8ge social : Neue Br\u00fccke 8, D-70173 Stuttgart, Allemagne<\/p>\n\n<p>Num\u00e9ro de TVA : DE262701479<\/p>\n\n<p>L&#8217;\u00e9num\u00e9ration par Zayo Group UK Limited de ses soci\u00e9t\u00e9s affili\u00e9es au Royaume-Uni et en Europe ne signifie pas, express\u00e9ment ou non, que toutes ces soci\u00e9t\u00e9s affili\u00e9es ou l&#8217;une d&#8217;entre elles acceptent la responsabilit\u00e9 des actes ou omissions de chacune d&#8217;entre elles.<\/p>\n","protected":false},"excerpt":{"rendered":"<p>Zayo Europe&#8221; est le nom commercial de Zayo Group UK Limited et de ses filiales britanniques et europ\u00e9ennes. Zayo Group UK Limited est le propri\u00e9taire de ce site web. Zayo Group UK Limited est une soci\u00e9t\u00e9 \u00e0 responsabilit\u00e9 limit\u00e9e enregistr\u00e9e en Angleterre et au Pays de Galles sous le num\u00e9ro d&#8217;immatriculation 03726666 et dont le [&hellip;]<\/p>\n","protected":false},"author":1,"featured_media":0,"parent":27295,"menu_order":0,"comment_status":"closed","ping_status":"closed","template":"","meta":{"_acf_changed":false,"footnotes":""},"class_list":["post-27847","page","type-page","status-publish","hentry"],"acf":[],"_links":{"self":[{"href":"https:\/\/zayoeutrans.burbledev.com\/fr\/wp-json\/wp\/v2\/pages\/27847","targetHints":{"allow":["GET"]}}],"collection":[{"href":"https:\/\/zayoeutrans.burbledev.com\/fr\/wp-json\/wp\/v2\/pages"}],"about":[{"href":"https:\/\/zayoeutrans.burbledev.com\/fr\/wp-json\/wp\/v2\/types\/page"}],"author":[{"embeddable":true,"href":"https:\/\/zayoeutrans.burbledev.com\/fr\/wp-json\/wp\/v2\/users\/1"}],"replies":[{"embeddable":true,"href":"https:\/\/zayoeutrans.burbledev.com\/fr\/wp-json\/wp\/v2\/comments?post=27847"}],"version-history":[{"count":1,"href":"https:\/\/zayoeutrans.burbledev.com\/fr\/wp-json\/wp\/v2\/pages\/27847\/revisions"}],"predecessor-version":[{"id":27848,"href":"https:\/\/zayoeutrans.burbledev.com\/fr\/wp-json\/wp\/v2\/pages\/27847\/revisions\/27848"}],"up":[{"embeddable":true,"href":"https:\/\/zayoeutrans.burbledev.com\/fr\/wp-json\/wp\/v2\/pages\/27295"}],"wp:attachment":[{"href":"https:\/\/zayoeutrans.burbledev.com\/fr\/wp-json\/wp\/v2\/media?parent=27847"}],"curies":[{"name":"wp","href":"https:\/\/api.w.org\/{rel}","templated":true}]}}