{"id":28343,"date":"2023-08-11T10:44:25","date_gmt":"2023-08-11T09:44:25","guid":{"rendered":"https:\/\/zayoeutrans.burbledev.com\/direction-de-lentreprise\/"},"modified":"2026-05-07T18:04:58","modified_gmt":"2026-05-07T17:04:58","slug":"direction-de-lentreprise","status":"publish","type":"page","link":"https:\/\/zayoeutrans.burbledev.com\/fr\/a-propos-de\/direction-de-lentreprise\/","title":{"rendered":"Direction de l&#8217;entreprise"},"content":{"rendered":"","protected":false},"excerpt":{"rendered":"<p>Nous mettons \u00e0 la disposition de nos clients un r\u00e9seau mondial de r\u00e9seaux de chefs d&#8217;entreprise. Nos dirigeants cr\u00e9ent des liens. Consultez les profils des dirigeants des entreprises du groupe Zayo.  <\/p>\n","protected":false},"author":1,"featured_media":0,"parent":28548,"menu_order":0,"comment_status":"closed","ping_status":"closed","template":"","meta":{"_acf_changed":false,"footnotes":""},"class_list":["post-28343","page","type-page","status-publish","hentry"],"acf":[],"_links":{"self":[{"href":"https:\/\/zayoeutrans.burbledev.com\/fr\/wp-json\/wp\/v2\/pages\/28343","targetHints":{"allow":["GET"]}}],"collection":[{"href":"https:\/\/zayoeutrans.burbledev.com\/fr\/wp-json\/wp\/v2\/pages"}],"about":[{"href":"https:\/\/zayoeutrans.burbledev.com\/fr\/wp-json\/wp\/v2\/types\/page"}],"author":[{"embeddable":true,"href":"https:\/\/zayoeutrans.burbledev.com\/fr\/wp-json\/wp\/v2\/users\/1"}],"replies":[{"embeddable":true,"href":"https:\/\/zayoeutrans.burbledev.com\/fr\/wp-json\/wp\/v2\/comments?post=28343"}],"version-history":[{"count":1,"href":"https:\/\/zayoeutrans.burbledev.com\/fr\/wp-json\/wp\/v2\/pages\/28343\/revisions"}],"predecessor-version":[{"id":28549,"href":"https:\/\/zayoeutrans.burbledev.com\/fr\/wp-json\/wp\/v2\/pages\/28343\/revisions\/28549"}],"up":[{"embeddable":true,"href":"https:\/\/zayoeutrans.burbledev.com\/fr\/wp-json\/wp\/v2\/pages\/28548"}],"wp:attachment":[{"href":"https:\/\/zayoeutrans.burbledev.com\/fr\/wp-json\/wp\/v2\/media?parent=28343"}],"curies":[{"name":"wp","href":"https:\/\/api.w.org\/{rel}","templated":true}]}}