{"id":28352,"date":"2023-10-16T21:31:54","date_gmt":"2023-10-16T20:31:54","guid":{"rendered":"https:\/\/zayoeutrans.burbledev.com\/carriereszayoeurope\/"},"modified":"2026-05-07T18:03:41","modified_gmt":"2026-05-07T17:03:41","slug":"carriereszayoeurope","status":"publish","type":"page","link":"https:\/\/zayoeutrans.burbledev.com\/fr\/carriereszayoeurope\/","title":{"rendered":"Carri\u00e8res@ZayoEurope"},"content":{"rendered":"","protected":false},"excerpt":{"rendered":"<p>Nos employ\u00e9s inspir\u00e9s d\u00e9passent les attentes des clients et fournissent une connectivit\u00e9 critique pour r\u00e9pondre \u00e0 la demande d&#8217;un monde num\u00e9rique en constante \u00e9volution. En savoir plus. <\/p>\n","protected":false},"author":1,"featured_media":0,"parent":0,"menu_order":9,"comment_status":"closed","ping_status":"closed","template":"","meta":{"_acf_changed":false,"footnotes":""},"class_list":["post-28352","page","type-page","status-publish","hentry"],"acf":[],"_links":{"self":[{"href":"https:\/\/zayoeutrans.burbledev.com\/fr\/wp-json\/wp\/v2\/pages\/28352","targetHints":{"allow":["GET"]}}],"collection":[{"href":"https:\/\/zayoeutrans.burbledev.com\/fr\/wp-json\/wp\/v2\/pages"}],"about":[{"href":"https:\/\/zayoeutrans.burbledev.com\/fr\/wp-json\/wp\/v2\/types\/page"}],"author":[{"embeddable":true,"href":"https:\/\/zayoeutrans.burbledev.com\/fr\/wp-json\/wp\/v2\/users\/1"}],"replies":[{"embeddable":true,"href":"https:\/\/zayoeutrans.burbledev.com\/fr\/wp-json\/wp\/v2\/comments?post=28352"}],"version-history":[{"count":1,"href":"https:\/\/zayoeutrans.burbledev.com\/fr\/wp-json\/wp\/v2\/pages\/28352\/revisions"}],"predecessor-version":[{"id":28353,"href":"https:\/\/zayoeutrans.burbledev.com\/fr\/wp-json\/wp\/v2\/pages\/28352\/revisions\/28353"}],"wp:attachment":[{"href":"https:\/\/zayoeutrans.burbledev.com\/fr\/wp-json\/wp\/v2\/media?parent=28352"}],"curies":[{"name":"wp","href":"https:\/\/api.w.org\/{rel}","templated":true}]}}