{"id":28548,"date":"2023-03-09T13:34:35","date_gmt":"2023-03-09T13:34:35","guid":{"rendered":"https:\/\/zayoeutrans.burbledev.com\/a-propos-de\/"},"modified":"2023-03-09T13:34:35","modified_gmt":"2023-03-09T13:34:35","slug":"a-propos-de","status":"publish","type":"page","link":"https:\/\/zayoeutrans.burbledev.com\/fr\/a-propos-de\/","title":{"rendered":"A propos de"},"content":{"rendered":"","protected":false},"excerpt":{"rendered":"<p>Nous connectons l&#8217;avenir. Zayo, l&#8217;une des principales entreprises mondiales de dorsale Internet, fournit des infrastructures de transmission de donn\u00e9es \u00e0 grande vitesse et des r\u00e9seaux de fibres optiques. <\/p>\n","protected":false},"author":1,"featured_media":0,"parent":0,"menu_order":0,"comment_status":"closed","ping_status":"closed","template":"","meta":{"_acf_changed":false,"footnotes":""},"class_list":["post-28548","page","type-page","status-publish","hentry"],"acf":[],"_links":{"self":[{"href":"https:\/\/zayoeutrans.burbledev.com\/fr\/wp-json\/wp\/v2\/pages\/28548","targetHints":{"allow":["GET"]}}],"collection":[{"href":"https:\/\/zayoeutrans.burbledev.com\/fr\/wp-json\/wp\/v2\/pages"}],"about":[{"href":"https:\/\/zayoeutrans.burbledev.com\/fr\/wp-json\/wp\/v2\/types\/page"}],"author":[{"embeddable":true,"href":"https:\/\/zayoeutrans.burbledev.com\/fr\/wp-json\/wp\/v2\/users\/1"}],"replies":[{"embeddable":true,"href":"https:\/\/zayoeutrans.burbledev.com\/fr\/wp-json\/wp\/v2\/comments?post=28548"}],"version-history":[{"count":0,"href":"https:\/\/zayoeutrans.burbledev.com\/fr\/wp-json\/wp\/v2\/pages\/28548\/revisions"}],"wp:attachment":[{"href":"https:\/\/zayoeutrans.burbledev.com\/fr\/wp-json\/wp\/v2\/media?parent=28548"}],"curies":[{"name":"wp","href":"https:\/\/api.w.org\/{rel}","templated":true}]}}